{"id":1433,"date":"2017-05-16T13:40:41","date_gmt":"2017-05-16T10:40:41","guid":{"rendered":"https:\/\/athenscitysuites.com\/athens-city-suites\/"},"modified":"2025-04-28T12:02:56","modified_gmt":"2025-04-28T09:02:56","slug":"athens-city-suites","status":"publish","type":"page","link":"https:\/\/athenscitysuites.com\/fr\/","title":{"rendered":"Athens City Suites"},"content":{"rendered":"\n<p class=\"has-text-align-center\">Bienvenue \u00e0 l&rsquo;Athens City Suites, o\u00f9 le luxe moderne rencontre le c\u0153ur de l&rsquo;histoire ancienne de la capitale grecque. Situ\u00e9 dans la rue embl\u00e9matique de Kalamiotou, notre h\u00f4tel de charme est plus qu&rsquo;un simple lieu de s\u00e9jour &#8211; c&rsquo;est une exp\u00e9rience immersive dans la riche tapisserie culturelle d&rsquo;Ath\u00e8nes. Nous avons m\u00e9ticuleusement m\u00e9lang\u00e9 l&rsquo;essence historique de notre environnement avec un design contemporain pour offrir un s\u00e9jour unique au voyageur exigeant d&rsquo;aujourd&rsquo;hui.  <\/p>\n\n<p class=\"has-text-align-center\">\u00c0 quelques pas des sites les plus c\u00e9l\u00e8bres d&rsquo;Ath\u00e8nes &#8211; l&rsquo;Acropole, Plaka et la vie nocturne tr\u00e9pidante de la place Agia Irini &#8211; notre emplacement vous place au centre de tout. Que vous vous promeniez dans les ruines anciennes, que vous go\u00fbtiez \u00e0 la cuisine locale ou que vous fassiez du shopping dans la rue Ermou, vous n&rsquo;\u00eates jamais loin de votre prochaine aventure. <\/p>\n\n<p class=\"has-text-align-center\">Nos suites luxueuses sont con\u00e7ues dans un souci de confort et de style, qu&rsquo;il s&rsquo;agisse de chambres spacieuses avec vue sur l&rsquo;Acropole ou d&rsquo;espaces modernes et chaleureux donnant sur les charmantes rues d&rsquo;Ath\u00e8nes. Au-del\u00e0 de l&rsquo;h\u00e9bergement, nous organisons des exp\u00e9riences sur mesure pour que chaque aspect de votre s\u00e9jour soit exceptionnel &#8211; des visites exclusives de la ville \u00e0 la navigation dans la mer \u00c9g\u00e9e, en passant par des soir\u00e9es culinaires et des d\u00e9gustations de vins. <\/p>\n\n<p class=\"has-text-align-center\">Avec un acc\u00e8s facile aux transports publics, notamment aux stations de m\u00e9tro Monastiraki et Syntagma, explorer Ath\u00e8nes est un jeu d&rsquo;enfant. En quelques minutes, vous pouvez vous rendre \u00e0 pied \u00e0 des sites comme l&rsquo;Acropole, Plaka, et pour ceux qui recherchent une aventure au bord de la mer, les transports \u00e0 proximit\u00e9 vous permettent de profiter de la Riviera ath\u00e9nienne. <\/p>\n\n<p class=\"has-text-align-center\">\u00c0 Athens City Suites, nous pensons que votre s\u00e9jour doit \u00eatre plus qu&rsquo;une simple visite ; il doit \u00eatre un voyage inoubliable \u00e0 travers le temps et la culture, tout en \u00e9tant entour\u00e9 du meilleur confort moderne.<\/p>\n\n<p class=\"has-text-align-center\">S\u00e9journez avec nous et laissez la ville d&rsquo;Ath\u00e8nes se d\u00e9rouler devant votre porte.<\/p>\n\n<div class=\"wp-block-getwid-section alignfull alignfull\"><div class=\"wp-block-getwid-section__wrapper getwid-padding-left-medium getwid-padding-right-medium\"><div class=\"wp-block-getwid-section__inner-wrapper\"><div class=\"wp-block-getwid-section__background-holder\"><div class=\"wp-block-getwid-section__background\"><\/div><div class=\"wp-block-getwid-section__foreground\"><\/div><\/div><div class=\"wp-block-getwid-section__content\"><div class=\"wp-block-getwid-section__inner-content\">\n<div class=\"wp-block-getwid-advanced-heading\" style=\"margin-bottom:30px;margin-top:10px\"><h2 class=\"wp-block-getwid-advanced-heading__content\" style=\"text-align:center\">Exprimez-nous vos souhaits et permettez-nous de les concr\u00e9tiser.<\/h2><\/div>\n\n\n\n<p class=\"has-text-align-center\">Nous vous proposons des programmes de visites et d&rsquo;excursions personnalis\u00e9s, pour des vacances id\u00e9ales adapt\u00e9es \u00e0 vos besoins. Exprimez-nous vos souhaits et permettez-nous de les concr\u00e9tiser. <\/p>\n\n\n\n<div class=\"wp-block-buttons is-content-justification-center is-layout-flex wp-container-core-buttons-is-layout-16018d1d wp-block-buttons-is-layout-flex\">\n<div class=\"wp-block-button\"><a class=\"wp-block-button__link has-white-color has-text-color has-link-color has-text-align-center wp-element-button\" href=\"https:\/\/athenscitysuites.com\/fr\/athens-city-suites\/services\/\">Voir nos services<\/a><\/div>\n<\/div>\n<\/div><\/div><\/div><\/div><\/div>\n","protected":false},"excerpt":{"rendered":"<p>Id\u00e9al pour les couples et les voyageurs urbains, au c\u0153ur d&rsquo;Ath\u00e8nes<\/p>\n<p> Bienvenue !<\/p>\n","protected":false},"author":1,"featured_media":1445,"parent":0,"menu_order":0,"comment_status":"closed","ping_status":"closed","template":"template-front-page.php","meta":{"_themeisle_gutenberg_block_has_review":false,"footnotes":""},"class_list":["post-1433","page","type-page","status-publish","has-post-thumbnail","hentry"],"yoast_head":"<!-- This site is optimized with the Yoast SEO plugin v25.9 - https:\/\/yoast.com\/wordpress\/plugins\/seo\/ -->\n<title>Athens City Suites - Athens City Suites<\/title>\n<meta name=\"robots\" content=\"index, follow, max-snippet:-1, max-image-preview:large, max-video-preview:-1\" \/>\n<link rel=\"canonical\" href=\"https:\/\/athenscitysuites.com\/fr\/\" \/>\n<meta property=\"og:locale\" content=\"fr_FR\" \/>\n<meta property=\"og:type\" content=\"article\" \/>\n<meta property=\"og:title\" content=\"Athens City Suites - Athens City Suites\" \/>\n<meta property=\"og:description\" content=\"Id\u00e9al pour les couples et les voyageurs urbains, au c\u0153ur d&#039;Ath\u00e8nes Bienvenue !\" \/>\n<meta property=\"og:url\" content=\"https:\/\/athenscitysuites.com\/fr\/\" \/>\n<meta property=\"og:site_name\" content=\"Athens City Suites\" \/>\n<meta property=\"article:modified_time\" content=\"2025-04-28T09:02:56+00:00\" \/>\n<meta property=\"og:image\" content=\"https:\/\/athenscitysuites.com\/wp-content\/uploads\/2025\/04\/pexels-alfie-sta-3825870-6032163-2.webp\" \/>\n\t<meta property=\"og:image:width\" content=\"1920\" \/>\n\t<meta property=\"og:image:height\" content=\"560\" \/>\n\t<meta property=\"og:image:type\" content=\"image\/webp\" \/>\n<meta name=\"twitter:card\" content=\"summary_large_image\" \/>\n<meta name=\"twitter:label1\" content=\"Dur\u00e9e de lecture estim\u00e9e\" \/>\n\t<meta name=\"twitter:data1\" content=\"2 minutes\" \/>\n<script type=\"application\/ld+json\" class=\"yoast-schema-graph\">{\"@context\":\"https:\/\/schema.org\",\"@graph\":[{\"@type\":\"WebPage\",\"@id\":\"https:\/\/athenscitysuites.com\/fr\/\",\"url\":\"https:\/\/athenscitysuites.com\/fr\/\",\"name\":\"Athens City Suites - Athens City Suites\",\"isPartOf\":{\"@id\":\"https:\/\/athenscitysuites.com\/#website\"},\"primaryImageOfPage\":{\"@id\":\"https:\/\/athenscitysuites.com\/fr\/#primaryimage\"},\"image\":{\"@id\":\"https:\/\/athenscitysuites.com\/fr\/#primaryimage\"},\"thumbnailUrl\":\"https:\/\/athenscitysuites.com\/wp-content\/uploads\/2025\/04\/pexels-alfie-sta-3825870-6032163-2.webp\",\"datePublished\":\"2017-05-16T10:40:41+00:00\",\"dateModified\":\"2025-04-28T09:02:56+00:00\",\"breadcrumb\":{\"@id\":\"https:\/\/athenscitysuites.com\/fr\/#breadcrumb\"},\"inLanguage\":\"fr-FR\",\"potentialAction\":[{\"@type\":\"ReadAction\",\"target\":[\"https:\/\/athenscitysuites.com\/fr\/\"]}]},{\"@type\":\"ImageObject\",\"inLanguage\":\"fr-FR\",\"@id\":\"https:\/\/athenscitysuites.com\/fr\/#primaryimage\",\"url\":\"https:\/\/athenscitysuites.com\/wp-content\/uploads\/2025\/04\/pexels-alfie-sta-3825870-6032163-2.webp\",\"contentUrl\":\"https:\/\/athenscitysuites.com\/wp-content\/uploads\/2025\/04\/pexels-alfie-sta-3825870-6032163-2.webp\",\"width\":1920,\"height\":560},{\"@type\":\"BreadcrumbList\",\"@id\":\"https:\/\/athenscitysuites.com\/fr\/#breadcrumb\",\"itemListElement\":[{\"@type\":\"ListItem\",\"position\":1,\"name\":\"\u0391\u03c1\u03c7\u03b9\u03ba\u03ae\",\"item\":\"https:\/\/athenscitysuites.com\/fr\/\"},{\"@type\":\"ListItem\",\"position\":2,\"name\":\"Athens City Suites\"}]},{\"@type\":\"WebSite\",\"@id\":\"https:\/\/athenscitysuites.com\/#website\",\"url\":\"https:\/\/athenscitysuites.com\/\",\"name\":\"Athens City Suites\",\"description\":\"\",\"publisher\":{\"@id\":\"https:\/\/athenscitysuites.com\/#organization\"},\"potentialAction\":[{\"@type\":\"SearchAction\",\"target\":{\"@type\":\"EntryPoint\",\"urlTemplate\":\"https:\/\/athenscitysuites.com\/?s={search_term_string}\"},\"query-input\":{\"@type\":\"PropertyValueSpecification\",\"valueRequired\":true,\"valueName\":\"search_term_string\"}}],\"inLanguage\":\"fr-FR\"},{\"@type\":\"Organization\",\"@id\":\"https:\/\/athenscitysuites.com\/#organization\",\"name\":\"Athens City Suites\",\"url\":\"https:\/\/athenscitysuites.com\/\",\"logo\":{\"@type\":\"ImageObject\",\"inLanguage\":\"fr-FR\",\"@id\":\"https:\/\/athenscitysuites.com\/#\/schema\/logo\/image\/\",\"url\":\"https:\/\/athenscitysuites.com\/wp-content\/uploads\/2025\/04\/logo.png\",\"contentUrl\":\"https:\/\/athenscitysuites.com\/wp-content\/uploads\/2025\/04\/logo.png\",\"width\":984,\"height\":180,\"caption\":\"Athens City Suites\"},\"image\":{\"@id\":\"https:\/\/athenscitysuites.com\/#\/schema\/logo\/image\/\"}}]}<\/script>\n<!-- \/ Yoast SEO plugin. -->","yoast_head_json":{"title":"Athens City Suites - Athens City Suites","robots":{"index":"index","follow":"follow","max-snippet":"max-snippet:-1","max-image-preview":"max-image-preview:large","max-video-preview":"max-video-preview:-1"},"canonical":"https:\/\/athenscitysuites.com\/fr\/","og_locale":"fr_FR","og_type":"article","og_title":"Athens City Suites - Athens City Suites","og_description":"Id\u00e9al pour les couples et les voyageurs urbains, au c\u0153ur d'Ath\u00e8nes Bienvenue !","og_url":"https:\/\/athenscitysuites.com\/fr\/","og_site_name":"Athens City Suites","article_modified_time":"2025-04-28T09:02:56+00:00","og_image":[{"width":1920,"height":560,"url":"https:\/\/athenscitysuites.com\/wp-content\/uploads\/2025\/04\/pexels-alfie-sta-3825870-6032163-2.webp","type":"image\/webp"}],"twitter_card":"summary_large_image","twitter_misc":{"Dur\u00e9e de lecture estim\u00e9e":"2 minutes"},"schema":{"@context":"https:\/\/schema.org","@graph":[{"@type":"WebPage","@id":"https:\/\/athenscitysuites.com\/fr\/","url":"https:\/\/athenscitysuites.com\/fr\/","name":"Athens City Suites - Athens City Suites","isPartOf":{"@id":"https:\/\/athenscitysuites.com\/#website"},"primaryImageOfPage":{"@id":"https:\/\/athenscitysuites.com\/fr\/#primaryimage"},"image":{"@id":"https:\/\/athenscitysuites.com\/fr\/#primaryimage"},"thumbnailUrl":"https:\/\/athenscitysuites.com\/wp-content\/uploads\/2025\/04\/pexels-alfie-sta-3825870-6032163-2.webp","datePublished":"2017-05-16T10:40:41+00:00","dateModified":"2025-04-28T09:02:56+00:00","breadcrumb":{"@id":"https:\/\/athenscitysuites.com\/fr\/#breadcrumb"},"inLanguage":"fr-FR","potentialAction":[{"@type":"ReadAction","target":["https:\/\/athenscitysuites.com\/fr\/"]}]},{"@type":"ImageObject","inLanguage":"fr-FR","@id":"https:\/\/athenscitysuites.com\/fr\/#primaryimage","url":"https:\/\/athenscitysuites.com\/wp-content\/uploads\/2025\/04\/pexels-alfie-sta-3825870-6032163-2.webp","contentUrl":"https:\/\/athenscitysuites.com\/wp-content\/uploads\/2025\/04\/pexels-alfie-sta-3825870-6032163-2.webp","width":1920,"height":560},{"@type":"BreadcrumbList","@id":"https:\/\/athenscitysuites.com\/fr\/#breadcrumb","itemListElement":[{"@type":"ListItem","position":1,"name":"\u0391\u03c1\u03c7\u03b9\u03ba\u03ae","item":"https:\/\/athenscitysuites.com\/fr\/"},{"@type":"ListItem","position":2,"name":"Athens City Suites"}]},{"@type":"WebSite","@id":"https:\/\/athenscitysuites.com\/#website","url":"https:\/\/athenscitysuites.com\/","name":"Athens City Suites","description":"","publisher":{"@id":"https:\/\/athenscitysuites.com\/#organization"},"potentialAction":[{"@type":"SearchAction","target":{"@type":"EntryPoint","urlTemplate":"https:\/\/athenscitysuites.com\/?s={search_term_string}"},"query-input":{"@type":"PropertyValueSpecification","valueRequired":true,"valueName":"search_term_string"}}],"inLanguage":"fr-FR"},{"@type":"Organization","@id":"https:\/\/athenscitysuites.com\/#organization","name":"Athens City Suites","url":"https:\/\/athenscitysuites.com\/","logo":{"@type":"ImageObject","inLanguage":"fr-FR","@id":"https:\/\/athenscitysuites.com\/#\/schema\/logo\/image\/","url":"https:\/\/athenscitysuites.com\/wp-content\/uploads\/2025\/04\/logo.png","contentUrl":"https:\/\/athenscitysuites.com\/wp-content\/uploads\/2025\/04\/logo.png","width":984,"height":180,"caption":"Athens City Suites"},"image":{"@id":"https:\/\/athenscitysuites.com\/#\/schema\/logo\/image\/"}}]}},"_links":{"self":[{"href":"https:\/\/athenscitysuites.com\/fr\/wp-json\/wp\/v2\/pages\/1433","targetHints":{"allow":["GET"]}}],"collection":[{"href":"https:\/\/athenscitysuites.com\/fr\/wp-json\/wp\/v2\/pages"}],"about":[{"href":"https:\/\/athenscitysuites.com\/fr\/wp-json\/wp\/v2\/types\/page"}],"author":[{"embeddable":true,"href":"https:\/\/athenscitysuites.com\/fr\/wp-json\/wp\/v2\/users\/1"}],"replies":[{"embeddable":true,"href":"https:\/\/athenscitysuites.com\/fr\/wp-json\/wp\/v2\/comments?post=1433"}],"version-history":[{"count":2,"href":"https:\/\/athenscitysuites.com\/fr\/wp-json\/wp\/v2\/pages\/1433\/revisions"}],"predecessor-version":[{"id":1925,"href":"https:\/\/athenscitysuites.com\/fr\/wp-json\/wp\/v2\/pages\/1433\/revisions\/1925"}],"wp:featuredmedia":[{"embeddable":true,"href":"https:\/\/athenscitysuites.com\/fr\/wp-json\/wp\/v2\/media\/1445"}],"wp:attachment":[{"href":"https:\/\/athenscitysuites.com\/fr\/wp-json\/wp\/v2\/media?parent=1433"}],"curies":[{"name":"wp","href":"https:\/\/api.w.org\/{rel}","templated":true}]}}