{"id":1487,"date":"2017-05-16T18:37:26","date_gmt":"2017-05-16T15:37:26","guid":{"rendered":"https:\/\/athenscitysuites.com\/journee-complete-de-visite-de-la-ville-dathenes-avec-le-cap-sounion-y-compris-le-dejeuner\/"},"modified":"2025-04-28T12:03:20","modified_gmt":"2025-04-28T09:03:20","slug":"journee-complete-de-visite-de-la-ville-dathenes-avec-le-cap-sounion-y-compris-le-dejeuner","status":"publish","type":"page","link":"https:\/\/athenscitysuites.com\/fr\/les-visites-guidees\/journee-complete-de-visite-de-la-ville-dathenes-avec-le-cap-sounion-y-compris-le-dejeuner\/","title":{"rendered":"Journ\u00e9e compl\u00e8te de visite de la ville d&rsquo;Ath\u00e8nes avec le Cap Sounion, y compris le d\u00e9jeuner"},"content":{"rendered":"<p>Cette visite vous permet d&rsquo;observer les contrastes saisissants qui font d&rsquo;Ath\u00e8nes une ville si fascinante.<!--more View More--><\/p>\n<p>Nos guides experts vous emm\u00e8neront voir le Stade Panath\u00e9na\u00efque o\u00f9 se sont d\u00e9roul\u00e9s les premiers Jeux Olympiques de l&rsquo;\u00e8re moderne en 1896 (court arr\u00eat). Continuez et passez par le temple de Zeus olympien, l&rsquo;Arc d&rsquo;Hadrien, le Parlement et le m\u00e9morial au Soldat inconnu, l&rsquo;Acad\u00e9mie, l&rsquo;Universit\u00e9, la Biblioth\u00e8que nationale, la place de la Constitution (Syntagma). Sur l&rsquo;Acropole, visitez les chefs-d&rsquo;\u0153uvre architecturaux de l&rsquo;\u00e2ge d&rsquo;or d&rsquo;Ath\u00e8nes : Les Propyl\u00e9es, le temple d&rsquo;Ath\u00e9na Nike, l&rsquo;Erechth\u00e9ion et enfin \u00ab\u00a0l&rsquo;harmonie entre la mati\u00e8re et l&rsquo;esprit\u00a0\u00bb, le monument qui \u00ab\u00a0met de l&rsquo;ordre dans l&rsquo;esprit\u00a0\u00bb, le Parth\u00e9non. Poursuivez votre visite et visitez le lieu o\u00f9 les statues ont enfin trouv\u00e9 leur place et admirez les merveilles de l&rsquo;\u00e8re classique : Le nouveau mus\u00e9e de l&rsquo;Acropole.      <\/p>\n<p>Continuez dans un restaurant local pour le d\u00e9jeuner.<\/p>\n<p>Apr\u00e8s le d\u00e9jeuner, vous emprunterez la route c\u00f4ti\u00e8re, en passant par les magnifiques plages de Glyfada, Vouliagmeni et Varkiza, jusqu&rsquo;au point le plus m\u00e9ridional de l&rsquo;Attique, le cap Sounion, o\u00f9 se dressent les piliers de marbre blanc du temple de Pos\u00e9idon. En chemin, vous aurez une vue splendide sur le golfe Saronique et les petites \u00eeles au large. Apr\u00e8s la visite du temple de Pos\u00e9idon, vous aurez le temps de vous promener librement sur le promontoire rocheux de Sounion.  <\/p>\n<p>N. B. En raison de certaines restrictions dans les heures de visite du nouveau mus\u00e9e de l&rsquo;Acropole, l&rsquo;ordre du programme peut \u00eatre modifi\u00e9.<\/p>\n<p><img loading=\"lazy\" decoding=\"async\" class=\"wp-image-91 size-large aligncenter\" src=\"http:\/\/themes.getmotopress.com\/oceanica\/wp-content\/uploads\/sites\/7\/2017\/05\/marvin-meyer-111904-1024x682.jpg\" alt=\"\" width=\"1024\" height=\"682\"><\/p>\n","protected":false},"excerpt":{"rendered":"<p>Excursion d&rsquo;une journ\u00e9e dans la ville d&rsquo;Ath\u00e8nes<\/p>\n","protected":false},"author":1,"featured_media":1488,"parent":2119,"menu_order":0,"comment_status":"closed","ping_status":"closed","template":"","meta":{"_themeisle_gutenberg_block_has_review":false,"footnotes":""},"class_list":["post-1487","page","type-page","status-publish","has-post-thumbnail","hentry"],"yoast_head":"<!-- This site is optimized with the Yoast SEO plugin v25.9 - https:\/\/yoast.com\/wordpress\/plugins\/seo\/ -->\n<title>Journ\u00e9e compl\u00e8te de visite de la ville d&#039;Ath\u00e8nes avec le Cap Sounion, y compris le d\u00e9jeuner - Athens City Suites<\/title>\n<meta name=\"robots\" content=\"index, follow, max-snippet:-1, max-image-preview:large, max-video-preview:-1\" \/>\n<link rel=\"canonical\" href=\"https:\/\/athenscitysuites.com\/fr\/les-visites-guidees\/journee-complete-de-visite-de-la-ville-dathenes-avec-le-cap-sounion-y-compris-le-dejeuner\/\" \/>\n<meta property=\"og:locale\" content=\"fr_FR\" \/>\n<meta property=\"og:type\" content=\"article\" \/>\n<meta property=\"og:title\" content=\"Journ\u00e9e compl\u00e8te de visite de la ville d&#039;Ath\u00e8nes avec le Cap Sounion, y compris le d\u00e9jeuner - Athens City Suites\" \/>\n<meta property=\"og:description\" content=\"Excursion d&#039;une journ\u00e9e dans la ville d&#039;Ath\u00e8nes\" \/>\n<meta property=\"og:url\" content=\"https:\/\/athenscitysuites.com\/fr\/les-visites-guidees\/journee-complete-de-visite-de-la-ville-dathenes-avec-le-cap-sounion-y-compris-le-dejeuner\/\" \/>\n<meta property=\"og:site_name\" content=\"Athens City Suites\" \/>\n<meta property=\"article:modified_time\" content=\"2025-04-28T09:03:20+00:00\" \/>\n<meta property=\"og:image\" content=\"https:\/\/athenscitysuites.com\/wp-content\/uploads\/2025\/04\/FULL-DAY-ATHENS-CITY-TOUR-WITH-CAPE-SOUNION-INCLUDING-LUNCH.webp\" \/>\n\t<meta property=\"og:image:width\" content=\"1920\" \/>\n\t<meta property=\"og:image:height\" content=\"560\" \/>\n\t<meta property=\"og:image:type\" content=\"image\/webp\" \/>\n<meta name=\"twitter:card\" content=\"summary_large_image\" \/>\n<meta name=\"twitter:label1\" content=\"Dur\u00e9e de lecture estim\u00e9e\" \/>\n\t<meta name=\"twitter:data1\" content=\"1 minute\" \/>\n<script type=\"application\/ld+json\" class=\"yoast-schema-graph\">{\"@context\":\"https:\/\/schema.org\",\"@graph\":[{\"@type\":\"WebPage\",\"@id\":\"https:\/\/athenscitysuites.com\/fr\/les-visites-guidees\/journee-complete-de-visite-de-la-ville-dathenes-avec-le-cap-sounion-y-compris-le-dejeuner\/\",\"url\":\"https:\/\/athenscitysuites.com\/fr\/les-visites-guidees\/journee-complete-de-visite-de-la-ville-dathenes-avec-le-cap-sounion-y-compris-le-dejeuner\/\",\"name\":\"Journ\u00e9e compl\u00e8te de visite de la ville d'Ath\u00e8nes avec le Cap Sounion, y compris le d\u00e9jeuner - Athens City Suites\",\"isPartOf\":{\"@id\":\"https:\/\/athenscitysuites.com\/#website\"},\"primaryImageOfPage\":{\"@id\":\"https:\/\/athenscitysuites.com\/fr\/les-visites-guidees\/journee-complete-de-visite-de-la-ville-dathenes-avec-le-cap-sounion-y-compris-le-dejeuner\/#primaryimage\"},\"image\":{\"@id\":\"https:\/\/athenscitysuites.com\/fr\/les-visites-guidees\/journee-complete-de-visite-de-la-ville-dathenes-avec-le-cap-sounion-y-compris-le-dejeuner\/#primaryimage\"},\"thumbnailUrl\":\"https:\/\/athenscitysuites.com\/wp-content\/uploads\/2025\/04\/FULL-DAY-ATHENS-CITY-TOUR-WITH-CAPE-SOUNION-INCLUDING-LUNCH.webp\",\"datePublished\":\"2017-05-16T15:37:26+00:00\",\"dateModified\":\"2025-04-28T09:03:20+00:00\",\"breadcrumb\":{\"@id\":\"https:\/\/athenscitysuites.com\/fr\/les-visites-guidees\/journee-complete-de-visite-de-la-ville-dathenes-avec-le-cap-sounion-y-compris-le-dejeuner\/#breadcrumb\"},\"inLanguage\":\"fr-FR\",\"potentialAction\":[{\"@type\":\"ReadAction\",\"target\":[\"https:\/\/athenscitysuites.com\/fr\/les-visites-guidees\/journee-complete-de-visite-de-la-ville-dathenes-avec-le-cap-sounion-y-compris-le-dejeuner\/\"]}]},{\"@type\":\"ImageObject\",\"inLanguage\":\"fr-FR\",\"@id\":\"https:\/\/athenscitysuites.com\/fr\/les-visites-guidees\/journee-complete-de-visite-de-la-ville-dathenes-avec-le-cap-sounion-y-compris-le-dejeuner\/#primaryimage\",\"url\":\"https:\/\/athenscitysuites.com\/wp-content\/uploads\/2025\/04\/FULL-DAY-ATHENS-CITY-TOUR-WITH-CAPE-SOUNION-INCLUDING-LUNCH.webp\",\"contentUrl\":\"https:\/\/athenscitysuites.com\/wp-content\/uploads\/2025\/04\/FULL-DAY-ATHENS-CITY-TOUR-WITH-CAPE-SOUNION-INCLUDING-LUNCH.webp\",\"width\":1920,\"height\":560},{\"@type\":\"BreadcrumbList\",\"@id\":\"https:\/\/athenscitysuites.com\/fr\/les-visites-guidees\/journee-complete-de-visite-de-la-ville-dathenes-avec-le-cap-sounion-y-compris-le-dejeuner\/#breadcrumb\",\"itemListElement\":[{\"@type\":\"ListItem\",\"position\":1,\"name\":\"\u0391\u03c1\u03c7\u03b9\u03ba\u03ae\",\"item\":\"https:\/\/athenscitysuites.com\/fr\/\"},{\"@type\":\"ListItem\",\"position\":2,\"name\":\"Les visites guid\u00e9es\",\"item\":\"https:\/\/athenscitysuites.com\/fr\/les-visites-guidees\/\"},{\"@type\":\"ListItem\",\"position\":3,\"name\":\"Journ\u00e9e compl\u00e8te de visite de la ville d&#8217;Ath\u00e8nes avec le Cap Sounion, y compris le d\u00e9jeuner\"}]},{\"@type\":\"WebSite\",\"@id\":\"https:\/\/athenscitysuites.com\/#website\",\"url\":\"https:\/\/athenscitysuites.com\/\",\"name\":\"Athens City Suites\",\"description\":\"\",\"publisher\":{\"@id\":\"https:\/\/athenscitysuites.com\/#organization\"},\"potentialAction\":[{\"@type\":\"SearchAction\",\"target\":{\"@type\":\"EntryPoint\",\"urlTemplate\":\"https:\/\/athenscitysuites.com\/?s={search_term_string}\"},\"query-input\":{\"@type\":\"PropertyValueSpecification\",\"valueRequired\":true,\"valueName\":\"search_term_string\"}}],\"inLanguage\":\"fr-FR\"},{\"@type\":\"Organization\",\"@id\":\"https:\/\/athenscitysuites.com\/#organization\",\"name\":\"Athens City Suites\",\"url\":\"https:\/\/athenscitysuites.com\/\",\"logo\":{\"@type\":\"ImageObject\",\"inLanguage\":\"fr-FR\",\"@id\":\"https:\/\/athenscitysuites.com\/#\/schema\/logo\/image\/\",\"url\":\"https:\/\/athenscitysuites.com\/wp-content\/uploads\/2025\/04\/logo.png\",\"contentUrl\":\"https:\/\/athenscitysuites.com\/wp-content\/uploads\/2025\/04\/logo.png\",\"width\":984,\"height\":180,\"caption\":\"Athens City Suites\"},\"image\":{\"@id\":\"https:\/\/athenscitysuites.com\/#\/schema\/logo\/image\/\"}}]}<\/script>\n<!-- \/ Yoast SEO plugin. -->","yoast_head_json":{"title":"Journ\u00e9e compl\u00e8te de visite de la ville d'Ath\u00e8nes avec le Cap Sounion, y compris le d\u00e9jeuner - Athens City Suites","robots":{"index":"index","follow":"follow","max-snippet":"max-snippet:-1","max-image-preview":"max-image-preview:large","max-video-preview":"max-video-preview:-1"},"canonical":"https:\/\/athenscitysuites.com\/fr\/les-visites-guidees\/journee-complete-de-visite-de-la-ville-dathenes-avec-le-cap-sounion-y-compris-le-dejeuner\/","og_locale":"fr_FR","og_type":"article","og_title":"Journ\u00e9e compl\u00e8te de visite de la ville d'Ath\u00e8nes avec le Cap Sounion, y compris le d\u00e9jeuner - Athens City Suites","og_description":"Excursion d'une journ\u00e9e dans la ville d'Ath\u00e8nes","og_url":"https:\/\/athenscitysuites.com\/fr\/les-visites-guidees\/journee-complete-de-visite-de-la-ville-dathenes-avec-le-cap-sounion-y-compris-le-dejeuner\/","og_site_name":"Athens City Suites","article_modified_time":"2025-04-28T09:03:20+00:00","og_image":[{"width":1920,"height":560,"url":"https:\/\/athenscitysuites.com\/wp-content\/uploads\/2025\/04\/FULL-DAY-ATHENS-CITY-TOUR-WITH-CAPE-SOUNION-INCLUDING-LUNCH.webp","type":"image\/webp"}],"twitter_card":"summary_large_image","twitter_misc":{"Dur\u00e9e de lecture estim\u00e9e":"1 minute"},"schema":{"@context":"https:\/\/schema.org","@graph":[{"@type":"WebPage","@id":"https:\/\/athenscitysuites.com\/fr\/les-visites-guidees\/journee-complete-de-visite-de-la-ville-dathenes-avec-le-cap-sounion-y-compris-le-dejeuner\/","url":"https:\/\/athenscitysuites.com\/fr\/les-visites-guidees\/journee-complete-de-visite-de-la-ville-dathenes-avec-le-cap-sounion-y-compris-le-dejeuner\/","name":"Journ\u00e9e compl\u00e8te de visite de la ville d'Ath\u00e8nes avec le Cap Sounion, y compris le d\u00e9jeuner - Athens City Suites","isPartOf":{"@id":"https:\/\/athenscitysuites.com\/#website"},"primaryImageOfPage":{"@id":"https:\/\/athenscitysuites.com\/fr\/les-visites-guidees\/journee-complete-de-visite-de-la-ville-dathenes-avec-le-cap-sounion-y-compris-le-dejeuner\/#primaryimage"},"image":{"@id":"https:\/\/athenscitysuites.com\/fr\/les-visites-guidees\/journee-complete-de-visite-de-la-ville-dathenes-avec-le-cap-sounion-y-compris-le-dejeuner\/#primaryimage"},"thumbnailUrl":"https:\/\/athenscitysuites.com\/wp-content\/uploads\/2025\/04\/FULL-DAY-ATHENS-CITY-TOUR-WITH-CAPE-SOUNION-INCLUDING-LUNCH.webp","datePublished":"2017-05-16T15:37:26+00:00","dateModified":"2025-04-28T09:03:20+00:00","breadcrumb":{"@id":"https:\/\/athenscitysuites.com\/fr\/les-visites-guidees\/journee-complete-de-visite-de-la-ville-dathenes-avec-le-cap-sounion-y-compris-le-dejeuner\/#breadcrumb"},"inLanguage":"fr-FR","potentialAction":[{"@type":"ReadAction","target":["https:\/\/athenscitysuites.com\/fr\/les-visites-guidees\/journee-complete-de-visite-de-la-ville-dathenes-avec-le-cap-sounion-y-compris-le-dejeuner\/"]}]},{"@type":"ImageObject","inLanguage":"fr-FR","@id":"https:\/\/athenscitysuites.com\/fr\/les-visites-guidees\/journee-complete-de-visite-de-la-ville-dathenes-avec-le-cap-sounion-y-compris-le-dejeuner\/#primaryimage","url":"https:\/\/athenscitysuites.com\/wp-content\/uploads\/2025\/04\/FULL-DAY-ATHENS-CITY-TOUR-WITH-CAPE-SOUNION-INCLUDING-LUNCH.webp","contentUrl":"https:\/\/athenscitysuites.com\/wp-content\/uploads\/2025\/04\/FULL-DAY-ATHENS-CITY-TOUR-WITH-CAPE-SOUNION-INCLUDING-LUNCH.webp","width":1920,"height":560},{"@type":"BreadcrumbList","@id":"https:\/\/athenscitysuites.com\/fr\/les-visites-guidees\/journee-complete-de-visite-de-la-ville-dathenes-avec-le-cap-sounion-y-compris-le-dejeuner\/#breadcrumb","itemListElement":[{"@type":"ListItem","position":1,"name":"\u0391\u03c1\u03c7\u03b9\u03ba\u03ae","item":"https:\/\/athenscitysuites.com\/fr\/"},{"@type":"ListItem","position":2,"name":"Les visites guid\u00e9es","item":"https:\/\/athenscitysuites.com\/fr\/les-visites-guidees\/"},{"@type":"ListItem","position":3,"name":"Journ\u00e9e compl\u00e8te de visite de la ville d&#8217;Ath\u00e8nes avec le Cap Sounion, y compris le d\u00e9jeuner"}]},{"@type":"WebSite","@id":"https:\/\/athenscitysuites.com\/#website","url":"https:\/\/athenscitysuites.com\/","name":"Athens City Suites","description":"","publisher":{"@id":"https:\/\/athenscitysuites.com\/#organization"},"potentialAction":[{"@type":"SearchAction","target":{"@type":"EntryPoint","urlTemplate":"https:\/\/athenscitysuites.com\/?s={search_term_string}"},"query-input":{"@type":"PropertyValueSpecification","valueRequired":true,"valueName":"search_term_string"}}],"inLanguage":"fr-FR"},{"@type":"Organization","@id":"https:\/\/athenscitysuites.com\/#organization","name":"Athens City Suites","url":"https:\/\/athenscitysuites.com\/","logo":{"@type":"ImageObject","inLanguage":"fr-FR","@id":"https:\/\/athenscitysuites.com\/#\/schema\/logo\/image\/","url":"https:\/\/athenscitysuites.com\/wp-content\/uploads\/2025\/04\/logo.png","contentUrl":"https:\/\/athenscitysuites.com\/wp-content\/uploads\/2025\/04\/logo.png","width":984,"height":180,"caption":"Athens City Suites"},"image":{"@id":"https:\/\/athenscitysuites.com\/#\/schema\/logo\/image\/"}}]}},"_links":{"self":[{"href":"https:\/\/athenscitysuites.com\/fr\/wp-json\/wp\/v2\/pages\/1487","targetHints":{"allow":["GET"]}}],"collection":[{"href":"https:\/\/athenscitysuites.com\/fr\/wp-json\/wp\/v2\/pages"}],"about":[{"href":"https:\/\/athenscitysuites.com\/fr\/wp-json\/wp\/v2\/types\/page"}],"author":[{"embeddable":true,"href":"https:\/\/athenscitysuites.com\/fr\/wp-json\/wp\/v2\/users\/1"}],"replies":[{"embeddable":true,"href":"https:\/\/athenscitysuites.com\/fr\/wp-json\/wp\/v2\/comments?post=1487"}],"version-history":[{"count":1,"href":"https:\/\/athenscitysuites.com\/fr\/wp-json\/wp\/v2\/pages\/1487\/revisions"}],"predecessor-version":[{"id":2124,"href":"https:\/\/athenscitysuites.com\/fr\/wp-json\/wp\/v2\/pages\/1487\/revisions\/2124"}],"up":[{"embeddable":true,"href":"https:\/\/athenscitysuites.com\/fr\/wp-json\/wp\/v2\/pages\/2119"}],"wp:featuredmedia":[{"embeddable":true,"href":"https:\/\/athenscitysuites.com\/fr\/wp-json\/wp\/v2\/media\/1488"}],"wp:attachment":[{"href":"https:\/\/athenscitysuites.com\/fr\/wp-json\/wp\/v2\/media?parent=1487"}],"curies":[{"name":"wp","href":"https:\/\/api.w.org\/{rel}","templated":true}]}}