{"id":1505,"date":"2017-05-16T14:42:16","date_gmt":"2017-05-16T11:42:16","guid":{"rendered":"https:\/\/athenscitysuites.com\/visite-de-la-ville-dathenes-a-pied-avec-lacropole\/"},"modified":"2025-04-28T12:03:20","modified_gmt":"2025-04-28T09:03:20","slug":"visite-de-la-ville-dathenes-a-pied-avec-lacropole","status":"publish","type":"page","link":"https:\/\/athenscitysuites.com\/fr\/les-visites-guidees\/visite-de-la-ville-dathenes-a-pied-avec-lacropole\/","title":{"rendered":"Visite de la ville d&rsquo;Ath\u00e8nes \u00e0 pied avec l&rsquo;Acropole"},"content":{"rendered":"<p>La visite commence devant le Parlement, sur la place Syntagma, o\u00f9 vous verrez le monument du Soldat inconnu et la rel\u00e8ve des c\u00e9l\u00e8bres gardes.<!--more View More--><\/p>\n<p>Vous ferez ensuite une agr\u00e9able promenade \u00e0 travers le jardin national, jusqu&rsquo;\u00e0 la salle du Zappeion, le temple de Zeus Olympien et l&rsquo;arc d&rsquo;Hadrien. De l\u00e0, vous entrerez dans le quartier de Plaka en direction de l&rsquo;Acropole et visiterez avec votre guide les Propyl\u00e9es, le temple de Nike et le Parth\u00e9non, les monuments qui nous rappellent la gloire de l&rsquo;Ath\u00e8nes antique et l&rsquo;\u00e2ge d&rsquo;or de P\u00e9ricl\u00e8s. Vous verrez \u00e9galement dans les environs l&rsquo;Agora ath\u00e9nienne, l&rsquo;Observatoire, la Colline de la D\u00e9mocratie (Pnyx), la Colline de Mars et Philoppapos, l&rsquo;Od\u00e9on d&rsquo;H\u00e9rode Atticus et le Th\u00e9\u00e2tre de Dionysos. \u00c0 la fin de la visite, et puisque vous \u00eates si pr\u00e8s, ne manquez pas l&rsquo;occasion de visiter par vous-m\u00eame le mus\u00e9e de la Nouvelle Acropole.   <\/p>\n","protected":false},"excerpt":{"rendered":"<p>Demi-journ\u00e9e de visite matinale<\/p>\n","protected":false},"author":1,"featured_media":1506,"parent":2119,"menu_order":0,"comment_status":"closed","ping_status":"closed","template":"","meta":{"_themeisle_gutenberg_block_has_review":false,"footnotes":""},"class_list":["post-1505","page","type-page","status-publish","has-post-thumbnail","hentry"],"yoast_head":"<!-- This site is optimized with the Yoast SEO plugin v25.9 - https:\/\/yoast.com\/wordpress\/plugins\/seo\/ -->\n<title>Visite de la ville d&#039;Ath\u00e8nes \u00e0 pied avec l&#039;Acropole - Athens City Suites<\/title>\n<meta name=\"robots\" content=\"index, follow, max-snippet:-1, max-image-preview:large, max-video-preview:-1\" \/>\n<link rel=\"canonical\" href=\"https:\/\/athenscitysuites.com\/fr\/les-visites-guidees\/visite-de-la-ville-dathenes-a-pied-avec-lacropole\/\" \/>\n<meta property=\"og:locale\" content=\"fr_FR\" \/>\n<meta property=\"og:type\" content=\"article\" \/>\n<meta property=\"og:title\" content=\"Visite de la ville d&#039;Ath\u00e8nes \u00e0 pied avec l&#039;Acropole - Athens City Suites\" \/>\n<meta property=\"og:description\" content=\"Demi-journ\u00e9e de visite matinale\" \/>\n<meta property=\"og:url\" content=\"https:\/\/athenscitysuites.com\/fr\/les-visites-guidees\/visite-de-la-ville-dathenes-a-pied-avec-lacropole\/\" \/>\n<meta property=\"og:site_name\" content=\"Athens City Suites\" \/>\n<meta property=\"article:modified_time\" content=\"2025-04-28T09:03:20+00:00\" \/>\n<meta property=\"og:image\" content=\"https:\/\/athenscitysuites.com\/wp-content\/uploads\/2025\/04\/ATHENS-WALKING-CITY-WITH-ACROPOLIS.webp\" \/>\n\t<meta property=\"og:image:width\" content=\"1920\" \/>\n\t<meta property=\"og:image:height\" content=\"560\" \/>\n\t<meta property=\"og:image:type\" content=\"image\/webp\" \/>\n<meta name=\"twitter:card\" content=\"summary_large_image\" \/>\n<meta name=\"twitter:label1\" content=\"Dur\u00e9e de lecture estim\u00e9e\" \/>\n\t<meta name=\"twitter:data1\" content=\"1 minute\" \/>\n<script type=\"application\/ld+json\" class=\"yoast-schema-graph\">{\"@context\":\"https:\/\/schema.org\",\"@graph\":[{\"@type\":\"WebPage\",\"@id\":\"https:\/\/athenscitysuites.com\/fr\/les-visites-guidees\/visite-de-la-ville-dathenes-a-pied-avec-lacropole\/\",\"url\":\"https:\/\/athenscitysuites.com\/fr\/les-visites-guidees\/visite-de-la-ville-dathenes-a-pied-avec-lacropole\/\",\"name\":\"Visite de la ville d'Ath\u00e8nes \u00e0 pied avec l'Acropole - Athens City Suites\",\"isPartOf\":{\"@id\":\"https:\/\/athenscitysuites.com\/#website\"},\"primaryImageOfPage\":{\"@id\":\"https:\/\/athenscitysuites.com\/fr\/les-visites-guidees\/visite-de-la-ville-dathenes-a-pied-avec-lacropole\/#primaryimage\"},\"image\":{\"@id\":\"https:\/\/athenscitysuites.com\/fr\/les-visites-guidees\/visite-de-la-ville-dathenes-a-pied-avec-lacropole\/#primaryimage\"},\"thumbnailUrl\":\"https:\/\/athenscitysuites.com\/wp-content\/uploads\/2025\/04\/ATHENS-WALKING-CITY-WITH-ACROPOLIS.webp\",\"datePublished\":\"2017-05-16T11:42:16+00:00\",\"dateModified\":\"2025-04-28T09:03:20+00:00\",\"breadcrumb\":{\"@id\":\"https:\/\/athenscitysuites.com\/fr\/les-visites-guidees\/visite-de-la-ville-dathenes-a-pied-avec-lacropole\/#breadcrumb\"},\"inLanguage\":\"fr-FR\",\"potentialAction\":[{\"@type\":\"ReadAction\",\"target\":[\"https:\/\/athenscitysuites.com\/fr\/les-visites-guidees\/visite-de-la-ville-dathenes-a-pied-avec-lacropole\/\"]}]},{\"@type\":\"ImageObject\",\"inLanguage\":\"fr-FR\",\"@id\":\"https:\/\/athenscitysuites.com\/fr\/les-visites-guidees\/visite-de-la-ville-dathenes-a-pied-avec-lacropole\/#primaryimage\",\"url\":\"https:\/\/athenscitysuites.com\/wp-content\/uploads\/2025\/04\/ATHENS-WALKING-CITY-WITH-ACROPOLIS.webp\",\"contentUrl\":\"https:\/\/athenscitysuites.com\/wp-content\/uploads\/2025\/04\/ATHENS-WALKING-CITY-WITH-ACROPOLIS.webp\",\"width\":1920,\"height\":560},{\"@type\":\"BreadcrumbList\",\"@id\":\"https:\/\/athenscitysuites.com\/fr\/les-visites-guidees\/visite-de-la-ville-dathenes-a-pied-avec-lacropole\/#breadcrumb\",\"itemListElement\":[{\"@type\":\"ListItem\",\"position\":1,\"name\":\"\u0391\u03c1\u03c7\u03b9\u03ba\u03ae\",\"item\":\"https:\/\/athenscitysuites.com\/fr\/\"},{\"@type\":\"ListItem\",\"position\":2,\"name\":\"Les visites guid\u00e9es\",\"item\":\"https:\/\/athenscitysuites.com\/fr\/les-visites-guidees\/\"},{\"@type\":\"ListItem\",\"position\":3,\"name\":\"Visite de la ville d&#8217;Ath\u00e8nes \u00e0 pied avec l&#8217;Acropole\"}]},{\"@type\":\"WebSite\",\"@id\":\"https:\/\/athenscitysuites.com\/#website\",\"url\":\"https:\/\/athenscitysuites.com\/\",\"name\":\"Athens City Suites\",\"description\":\"\",\"publisher\":{\"@id\":\"https:\/\/athenscitysuites.com\/#organization\"},\"potentialAction\":[{\"@type\":\"SearchAction\",\"target\":{\"@type\":\"EntryPoint\",\"urlTemplate\":\"https:\/\/athenscitysuites.com\/?s={search_term_string}\"},\"query-input\":{\"@type\":\"PropertyValueSpecification\",\"valueRequired\":true,\"valueName\":\"search_term_string\"}}],\"inLanguage\":\"fr-FR\"},{\"@type\":\"Organization\",\"@id\":\"https:\/\/athenscitysuites.com\/#organization\",\"name\":\"Athens City Suites\",\"url\":\"https:\/\/athenscitysuites.com\/\",\"logo\":{\"@type\":\"ImageObject\",\"inLanguage\":\"fr-FR\",\"@id\":\"https:\/\/athenscitysuites.com\/#\/schema\/logo\/image\/\",\"url\":\"https:\/\/athenscitysuites.com\/wp-content\/uploads\/2025\/04\/logo.png\",\"contentUrl\":\"https:\/\/athenscitysuites.com\/wp-content\/uploads\/2025\/04\/logo.png\",\"width\":984,\"height\":180,\"caption\":\"Athens City Suites\"},\"image\":{\"@id\":\"https:\/\/athenscitysuites.com\/#\/schema\/logo\/image\/\"}}]}<\/script>\n<!-- \/ Yoast SEO plugin. -->","yoast_head_json":{"title":"Visite de la ville d'Ath\u00e8nes \u00e0 pied avec l'Acropole - Athens City Suites","robots":{"index":"index","follow":"follow","max-snippet":"max-snippet:-1","max-image-preview":"max-image-preview:large","max-video-preview":"max-video-preview:-1"},"canonical":"https:\/\/athenscitysuites.com\/fr\/les-visites-guidees\/visite-de-la-ville-dathenes-a-pied-avec-lacropole\/","og_locale":"fr_FR","og_type":"article","og_title":"Visite de la ville d'Ath\u00e8nes \u00e0 pied avec l'Acropole - Athens City Suites","og_description":"Demi-journ\u00e9e de visite matinale","og_url":"https:\/\/athenscitysuites.com\/fr\/les-visites-guidees\/visite-de-la-ville-dathenes-a-pied-avec-lacropole\/","og_site_name":"Athens City Suites","article_modified_time":"2025-04-28T09:03:20+00:00","og_image":[{"width":1920,"height":560,"url":"https:\/\/athenscitysuites.com\/wp-content\/uploads\/2025\/04\/ATHENS-WALKING-CITY-WITH-ACROPOLIS.webp","type":"image\/webp"}],"twitter_card":"summary_large_image","twitter_misc":{"Dur\u00e9e de lecture estim\u00e9e":"1 minute"},"schema":{"@context":"https:\/\/schema.org","@graph":[{"@type":"WebPage","@id":"https:\/\/athenscitysuites.com\/fr\/les-visites-guidees\/visite-de-la-ville-dathenes-a-pied-avec-lacropole\/","url":"https:\/\/athenscitysuites.com\/fr\/les-visites-guidees\/visite-de-la-ville-dathenes-a-pied-avec-lacropole\/","name":"Visite de la ville d'Ath\u00e8nes \u00e0 pied avec l'Acropole - Athens City Suites","isPartOf":{"@id":"https:\/\/athenscitysuites.com\/#website"},"primaryImageOfPage":{"@id":"https:\/\/athenscitysuites.com\/fr\/les-visites-guidees\/visite-de-la-ville-dathenes-a-pied-avec-lacropole\/#primaryimage"},"image":{"@id":"https:\/\/athenscitysuites.com\/fr\/les-visites-guidees\/visite-de-la-ville-dathenes-a-pied-avec-lacropole\/#primaryimage"},"thumbnailUrl":"https:\/\/athenscitysuites.com\/wp-content\/uploads\/2025\/04\/ATHENS-WALKING-CITY-WITH-ACROPOLIS.webp","datePublished":"2017-05-16T11:42:16+00:00","dateModified":"2025-04-28T09:03:20+00:00","breadcrumb":{"@id":"https:\/\/athenscitysuites.com\/fr\/les-visites-guidees\/visite-de-la-ville-dathenes-a-pied-avec-lacropole\/#breadcrumb"},"inLanguage":"fr-FR","potentialAction":[{"@type":"ReadAction","target":["https:\/\/athenscitysuites.com\/fr\/les-visites-guidees\/visite-de-la-ville-dathenes-a-pied-avec-lacropole\/"]}]},{"@type":"ImageObject","inLanguage":"fr-FR","@id":"https:\/\/athenscitysuites.com\/fr\/les-visites-guidees\/visite-de-la-ville-dathenes-a-pied-avec-lacropole\/#primaryimage","url":"https:\/\/athenscitysuites.com\/wp-content\/uploads\/2025\/04\/ATHENS-WALKING-CITY-WITH-ACROPOLIS.webp","contentUrl":"https:\/\/athenscitysuites.com\/wp-content\/uploads\/2025\/04\/ATHENS-WALKING-CITY-WITH-ACROPOLIS.webp","width":1920,"height":560},{"@type":"BreadcrumbList","@id":"https:\/\/athenscitysuites.com\/fr\/les-visites-guidees\/visite-de-la-ville-dathenes-a-pied-avec-lacropole\/#breadcrumb","itemListElement":[{"@type":"ListItem","position":1,"name":"\u0391\u03c1\u03c7\u03b9\u03ba\u03ae","item":"https:\/\/athenscitysuites.com\/fr\/"},{"@type":"ListItem","position":2,"name":"Les visites guid\u00e9es","item":"https:\/\/athenscitysuites.com\/fr\/les-visites-guidees\/"},{"@type":"ListItem","position":3,"name":"Visite de la ville d&#8217;Ath\u00e8nes \u00e0 pied avec l&#8217;Acropole"}]},{"@type":"WebSite","@id":"https:\/\/athenscitysuites.com\/#website","url":"https:\/\/athenscitysuites.com\/","name":"Athens City Suites","description":"","publisher":{"@id":"https:\/\/athenscitysuites.com\/#organization"},"potentialAction":[{"@type":"SearchAction","target":{"@type":"EntryPoint","urlTemplate":"https:\/\/athenscitysuites.com\/?s={search_term_string}"},"query-input":{"@type":"PropertyValueSpecification","valueRequired":true,"valueName":"search_term_string"}}],"inLanguage":"fr-FR"},{"@type":"Organization","@id":"https:\/\/athenscitysuites.com\/#organization","name":"Athens City Suites","url":"https:\/\/athenscitysuites.com\/","logo":{"@type":"ImageObject","inLanguage":"fr-FR","@id":"https:\/\/athenscitysuites.com\/#\/schema\/logo\/image\/","url":"https:\/\/athenscitysuites.com\/wp-content\/uploads\/2025\/04\/logo.png","contentUrl":"https:\/\/athenscitysuites.com\/wp-content\/uploads\/2025\/04\/logo.png","width":984,"height":180,"caption":"Athens City Suites"},"image":{"@id":"https:\/\/athenscitysuites.com\/#\/schema\/logo\/image\/"}}]}},"_links":{"self":[{"href":"https:\/\/athenscitysuites.com\/fr\/wp-json\/wp\/v2\/pages\/1505","targetHints":{"allow":["GET"]}}],"collection":[{"href":"https:\/\/athenscitysuites.com\/fr\/wp-json\/wp\/v2\/pages"}],"about":[{"href":"https:\/\/athenscitysuites.com\/fr\/wp-json\/wp\/v2\/types\/page"}],"author":[{"embeddable":true,"href":"https:\/\/athenscitysuites.com\/fr\/wp-json\/wp\/v2\/users\/1"}],"replies":[{"embeddable":true,"href":"https:\/\/athenscitysuites.com\/fr\/wp-json\/wp\/v2\/comments?post=1505"}],"version-history":[{"count":1,"href":"https:\/\/athenscitysuites.com\/fr\/wp-json\/wp\/v2\/pages\/1505\/revisions"}],"predecessor-version":[{"id":2120,"href":"https:\/\/athenscitysuites.com\/fr\/wp-json\/wp\/v2\/pages\/1505\/revisions\/2120"}],"up":[{"embeddable":true,"href":"https:\/\/athenscitysuites.com\/fr\/wp-json\/wp\/v2\/pages\/2119"}],"wp:featuredmedia":[{"embeddable":true,"href":"https:\/\/athenscitysuites.com\/fr\/wp-json\/wp\/v2\/media\/1506"}],"wp:attachment":[{"href":"https:\/\/athenscitysuites.com\/fr\/wp-json\/wp\/v2\/media?parent=1505"}],"curies":[{"name":"wp","href":"https:\/\/api.w.org\/{rel}","templated":true}]}}