{"id":1518,"date":"2017-05-16T14:43:48","date_gmt":"2017-05-16T11:43:48","guid":{"rendered":"https:\/\/athenscitysuites.com\/visites-guidees-dathenes-lacropole-et-le-nouveau-musee-de-lacropole\/"},"modified":"2025-04-28T12:03:20","modified_gmt":"2025-04-28T09:03:20","slug":"visites-guidees-dathenes-lacropole-et-le-nouveau-musee-de-lacropole","status":"publish","type":"page","link":"https:\/\/athenscitysuites.com\/fr\/les-visites-guidees\/visites-guidees-dathenes-lacropole-et-le-nouveau-musee-de-lacropole\/","title":{"rendered":"Visites guid\u00e9es d&rsquo;Ath\u00e8nes &#8211; L&rsquo;Acropole et le nouveau mus\u00e9e de l&rsquo;Acropole"},"content":{"rendered":"<p>Cette visite vous permet d&rsquo;observer les contrastes saisissants qui font d&rsquo;Ath\u00e8nes une ville si fascinante.<!--more View More--><\/p>\n<p>Nos guides experts vous emm\u00e8neront voir le stade panath\u00e9na\u00efque o\u00f9 se sont d\u00e9roul\u00e9s les premiers Jeux olympiques modernes en 1896 (court arr\u00eat). Continuez et passez par le temple de Zeus olympien, l&rsquo;arc d&rsquo;Hadrien, le Parlement et le monument du soldat inconnu, l&rsquo;Acad\u00e9mie, l&rsquo;universit\u00e9, la biblioth\u00e8que nationale, la place de la Constitution (Syntagma). Sur l&rsquo;Acropole, vous visiterez les chefs-d&rsquo;\u0153uvre architecturaux de l&rsquo;\u00e2ge d&rsquo;or d&rsquo;Ath\u00e8nes : Les Propyl\u00e9es, le temple d&rsquo;Ath\u00e9na Nike, l&rsquo;Erechth\u00e9ion et enfin \u00ab\u00a0l&rsquo;harmonie entre la mati\u00e8re et l&rsquo;esprit\u00a0\u00bb, le monument qui \u00ab\u00a0met de l&rsquo;ordre dans l&rsquo;esprit\u00a0\u00bb, le Parth\u00e9non. Poursuivez en visitant un lieu incontournable d&rsquo;Ath\u00e8nes, l&rsquo;endroit o\u00f9 les statues ont finalement trouv\u00e9 leur place et admirez les merveilles de l&rsquo;\u00e8re classique : Le mus\u00e9e de la Nouvelle Acropole, \u00e9lu par le Sunday Times comme le troisi\u00e8me meilleur mus\u00e9e du monde.   <\/p>\n<p>N.B.1. En raison de certaines restrictions dans les heures de visite du mus\u00e9e de la Nouvelle Acropole, l&rsquo;ordre du programme peut \u00eatre modifi\u00e9. <\/p>\n<p>N.B.2. Les clients s\u00e9journant sur la c\u00f4te seront ramen\u00e9s \u00e0 leur h\u00f4tel par le bus du Cape Sounion Tour. <\/p>\n","protected":false},"excerpt":{"rendered":"<p>Demi-journ\u00e9e de visite matinale<\/p>\n","protected":false},"author":1,"featured_media":1519,"parent":2119,"menu_order":0,"comment_status":"closed","ping_status":"closed","template":"","meta":{"_themeisle_gutenberg_block_has_review":false,"footnotes":""},"class_list":["post-1518","page","type-page","status-publish","has-post-thumbnail","hentry"],"yoast_head":"<!-- This site is optimized with the Yoast SEO plugin v25.9 - https:\/\/yoast.com\/wordpress\/plugins\/seo\/ -->\n<title>Visites guid\u00e9es d&#039;Ath\u00e8nes - L&#039;Acropole et le nouveau mus\u00e9e de l&#039;Acropole - Athens City Suites<\/title>\n<meta name=\"robots\" content=\"index, follow, max-snippet:-1, max-image-preview:large, max-video-preview:-1\" \/>\n<link rel=\"canonical\" href=\"https:\/\/athenscitysuites.com\/fr\/les-visites-guidees\/visites-guidees-dathenes-lacropole-et-le-nouveau-musee-de-lacropole\/\" \/>\n<meta property=\"og:locale\" content=\"fr_FR\" \/>\n<meta property=\"og:type\" content=\"article\" \/>\n<meta property=\"og:title\" content=\"Visites guid\u00e9es d&#039;Ath\u00e8nes - L&#039;Acropole et le nouveau mus\u00e9e de l&#039;Acropole - Athens City Suites\" \/>\n<meta property=\"og:description\" content=\"Demi-journ\u00e9e de visite matinale\" \/>\n<meta property=\"og:url\" content=\"https:\/\/athenscitysuites.com\/fr\/les-visites-guidees\/visites-guidees-dathenes-lacropole-et-le-nouveau-musee-de-lacropole\/\" \/>\n<meta property=\"og:site_name\" content=\"Athens City Suites\" \/>\n<meta property=\"article:modified_time\" content=\"2025-04-28T09:03:20+00:00\" \/>\n<meta property=\"og:image\" content=\"https:\/\/athenscitysuites.com\/wp-content\/uploads\/2025\/04\/ACROPOLIS-AND-THE-NEW-ACROPOLIS-MUSEUM.webp\" \/>\n\t<meta property=\"og:image:width\" content=\"1920\" \/>\n\t<meta property=\"og:image:height\" content=\"560\" \/>\n\t<meta property=\"og:image:type\" content=\"image\/webp\" \/>\n<meta name=\"twitter:card\" content=\"summary_large_image\" \/>\n<meta name=\"twitter:label1\" content=\"Dur\u00e9e de lecture estim\u00e9e\" \/>\n\t<meta name=\"twitter:data1\" content=\"1 minute\" \/>\n<script type=\"application\/ld+json\" class=\"yoast-schema-graph\">{\"@context\":\"https:\/\/schema.org\",\"@graph\":[{\"@type\":\"WebPage\",\"@id\":\"https:\/\/athenscitysuites.com\/fr\/les-visites-guidees\/visites-guidees-dathenes-lacropole-et-le-nouveau-musee-de-lacropole\/\",\"url\":\"https:\/\/athenscitysuites.com\/fr\/les-visites-guidees\/visites-guidees-dathenes-lacropole-et-le-nouveau-musee-de-lacropole\/\",\"name\":\"Visites guid\u00e9es d'Ath\u00e8nes - L'Acropole et le nouveau mus\u00e9e de l'Acropole - Athens City Suites\",\"isPartOf\":{\"@id\":\"https:\/\/athenscitysuites.com\/#website\"},\"primaryImageOfPage\":{\"@id\":\"https:\/\/athenscitysuites.com\/fr\/les-visites-guidees\/visites-guidees-dathenes-lacropole-et-le-nouveau-musee-de-lacropole\/#primaryimage\"},\"image\":{\"@id\":\"https:\/\/athenscitysuites.com\/fr\/les-visites-guidees\/visites-guidees-dathenes-lacropole-et-le-nouveau-musee-de-lacropole\/#primaryimage\"},\"thumbnailUrl\":\"https:\/\/athenscitysuites.com\/wp-content\/uploads\/2025\/04\/ACROPOLIS-AND-THE-NEW-ACROPOLIS-MUSEUM.webp\",\"datePublished\":\"2017-05-16T11:43:48+00:00\",\"dateModified\":\"2025-04-28T09:03:20+00:00\",\"breadcrumb\":{\"@id\":\"https:\/\/athenscitysuites.com\/fr\/les-visites-guidees\/visites-guidees-dathenes-lacropole-et-le-nouveau-musee-de-lacropole\/#breadcrumb\"},\"inLanguage\":\"fr-FR\",\"potentialAction\":[{\"@type\":\"ReadAction\",\"target\":[\"https:\/\/athenscitysuites.com\/fr\/les-visites-guidees\/visites-guidees-dathenes-lacropole-et-le-nouveau-musee-de-lacropole\/\"]}]},{\"@type\":\"ImageObject\",\"inLanguage\":\"fr-FR\",\"@id\":\"https:\/\/athenscitysuites.com\/fr\/les-visites-guidees\/visites-guidees-dathenes-lacropole-et-le-nouveau-musee-de-lacropole\/#primaryimage\",\"url\":\"https:\/\/athenscitysuites.com\/wp-content\/uploads\/2025\/04\/ACROPOLIS-AND-THE-NEW-ACROPOLIS-MUSEUM.webp\",\"contentUrl\":\"https:\/\/athenscitysuites.com\/wp-content\/uploads\/2025\/04\/ACROPOLIS-AND-THE-NEW-ACROPOLIS-MUSEUM.webp\",\"width\":1920,\"height\":560},{\"@type\":\"BreadcrumbList\",\"@id\":\"https:\/\/athenscitysuites.com\/fr\/les-visites-guidees\/visites-guidees-dathenes-lacropole-et-le-nouveau-musee-de-lacropole\/#breadcrumb\",\"itemListElement\":[{\"@type\":\"ListItem\",\"position\":1,\"name\":\"\u0391\u03c1\u03c7\u03b9\u03ba\u03ae\",\"item\":\"https:\/\/athenscitysuites.com\/fr\/\"},{\"@type\":\"ListItem\",\"position\":2,\"name\":\"Les visites guid\u00e9es\",\"item\":\"https:\/\/athenscitysuites.com\/fr\/les-visites-guidees\/\"},{\"@type\":\"ListItem\",\"position\":3,\"name\":\"Visites guid\u00e9es d&#8217;Ath\u00e8nes &#8211; L&#8217;Acropole et le nouveau mus\u00e9e de l&#8217;Acropole\"}]},{\"@type\":\"WebSite\",\"@id\":\"https:\/\/athenscitysuites.com\/#website\",\"url\":\"https:\/\/athenscitysuites.com\/\",\"name\":\"Athens City Suites\",\"description\":\"\",\"publisher\":{\"@id\":\"https:\/\/athenscitysuites.com\/#organization\"},\"potentialAction\":[{\"@type\":\"SearchAction\",\"target\":{\"@type\":\"EntryPoint\",\"urlTemplate\":\"https:\/\/athenscitysuites.com\/?s={search_term_string}\"},\"query-input\":{\"@type\":\"PropertyValueSpecification\",\"valueRequired\":true,\"valueName\":\"search_term_string\"}}],\"inLanguage\":\"fr-FR\"},{\"@type\":\"Organization\",\"@id\":\"https:\/\/athenscitysuites.com\/#organization\",\"name\":\"Athens City Suites\",\"url\":\"https:\/\/athenscitysuites.com\/\",\"logo\":{\"@type\":\"ImageObject\",\"inLanguage\":\"fr-FR\",\"@id\":\"https:\/\/athenscitysuites.com\/#\/schema\/logo\/image\/\",\"url\":\"https:\/\/athenscitysuites.com\/wp-content\/uploads\/2025\/04\/logo.png\",\"contentUrl\":\"https:\/\/athenscitysuites.com\/wp-content\/uploads\/2025\/04\/logo.png\",\"width\":984,\"height\":180,\"caption\":\"Athens City Suites\"},\"image\":{\"@id\":\"https:\/\/athenscitysuites.com\/#\/schema\/logo\/image\/\"}}]}<\/script>\n<!-- \/ Yoast SEO plugin. -->","yoast_head_json":{"title":"Visites guid\u00e9es d'Ath\u00e8nes - L'Acropole et le nouveau mus\u00e9e de l'Acropole - Athens City Suites","robots":{"index":"index","follow":"follow","max-snippet":"max-snippet:-1","max-image-preview":"max-image-preview:large","max-video-preview":"max-video-preview:-1"},"canonical":"https:\/\/athenscitysuites.com\/fr\/les-visites-guidees\/visites-guidees-dathenes-lacropole-et-le-nouveau-musee-de-lacropole\/","og_locale":"fr_FR","og_type":"article","og_title":"Visites guid\u00e9es d'Ath\u00e8nes - L'Acropole et le nouveau mus\u00e9e de l'Acropole - Athens City Suites","og_description":"Demi-journ\u00e9e de visite matinale","og_url":"https:\/\/athenscitysuites.com\/fr\/les-visites-guidees\/visites-guidees-dathenes-lacropole-et-le-nouveau-musee-de-lacropole\/","og_site_name":"Athens City Suites","article_modified_time":"2025-04-28T09:03:20+00:00","og_image":[{"width":1920,"height":560,"url":"https:\/\/athenscitysuites.com\/wp-content\/uploads\/2025\/04\/ACROPOLIS-AND-THE-NEW-ACROPOLIS-MUSEUM.webp","type":"image\/webp"}],"twitter_card":"summary_large_image","twitter_misc":{"Dur\u00e9e de lecture estim\u00e9e":"1 minute"},"schema":{"@context":"https:\/\/schema.org","@graph":[{"@type":"WebPage","@id":"https:\/\/athenscitysuites.com\/fr\/les-visites-guidees\/visites-guidees-dathenes-lacropole-et-le-nouveau-musee-de-lacropole\/","url":"https:\/\/athenscitysuites.com\/fr\/les-visites-guidees\/visites-guidees-dathenes-lacropole-et-le-nouveau-musee-de-lacropole\/","name":"Visites guid\u00e9es d'Ath\u00e8nes - L'Acropole et le nouveau mus\u00e9e de l'Acropole - Athens City Suites","isPartOf":{"@id":"https:\/\/athenscitysuites.com\/#website"},"primaryImageOfPage":{"@id":"https:\/\/athenscitysuites.com\/fr\/les-visites-guidees\/visites-guidees-dathenes-lacropole-et-le-nouveau-musee-de-lacropole\/#primaryimage"},"image":{"@id":"https:\/\/athenscitysuites.com\/fr\/les-visites-guidees\/visites-guidees-dathenes-lacropole-et-le-nouveau-musee-de-lacropole\/#primaryimage"},"thumbnailUrl":"https:\/\/athenscitysuites.com\/wp-content\/uploads\/2025\/04\/ACROPOLIS-AND-THE-NEW-ACROPOLIS-MUSEUM.webp","datePublished":"2017-05-16T11:43:48+00:00","dateModified":"2025-04-28T09:03:20+00:00","breadcrumb":{"@id":"https:\/\/athenscitysuites.com\/fr\/les-visites-guidees\/visites-guidees-dathenes-lacropole-et-le-nouveau-musee-de-lacropole\/#breadcrumb"},"inLanguage":"fr-FR","potentialAction":[{"@type":"ReadAction","target":["https:\/\/athenscitysuites.com\/fr\/les-visites-guidees\/visites-guidees-dathenes-lacropole-et-le-nouveau-musee-de-lacropole\/"]}]},{"@type":"ImageObject","inLanguage":"fr-FR","@id":"https:\/\/athenscitysuites.com\/fr\/les-visites-guidees\/visites-guidees-dathenes-lacropole-et-le-nouveau-musee-de-lacropole\/#primaryimage","url":"https:\/\/athenscitysuites.com\/wp-content\/uploads\/2025\/04\/ACROPOLIS-AND-THE-NEW-ACROPOLIS-MUSEUM.webp","contentUrl":"https:\/\/athenscitysuites.com\/wp-content\/uploads\/2025\/04\/ACROPOLIS-AND-THE-NEW-ACROPOLIS-MUSEUM.webp","width":1920,"height":560},{"@type":"BreadcrumbList","@id":"https:\/\/athenscitysuites.com\/fr\/les-visites-guidees\/visites-guidees-dathenes-lacropole-et-le-nouveau-musee-de-lacropole\/#breadcrumb","itemListElement":[{"@type":"ListItem","position":1,"name":"\u0391\u03c1\u03c7\u03b9\u03ba\u03ae","item":"https:\/\/athenscitysuites.com\/fr\/"},{"@type":"ListItem","position":2,"name":"Les visites guid\u00e9es","item":"https:\/\/athenscitysuites.com\/fr\/les-visites-guidees\/"},{"@type":"ListItem","position":3,"name":"Visites guid\u00e9es d&#8217;Ath\u00e8nes &#8211; L&#8217;Acropole et le nouveau mus\u00e9e de l&#8217;Acropole"}]},{"@type":"WebSite","@id":"https:\/\/athenscitysuites.com\/#website","url":"https:\/\/athenscitysuites.com\/","name":"Athens City Suites","description":"","publisher":{"@id":"https:\/\/athenscitysuites.com\/#organization"},"potentialAction":[{"@type":"SearchAction","target":{"@type":"EntryPoint","urlTemplate":"https:\/\/athenscitysuites.com\/?s={search_term_string}"},"query-input":{"@type":"PropertyValueSpecification","valueRequired":true,"valueName":"search_term_string"}}],"inLanguage":"fr-FR"},{"@type":"Organization","@id":"https:\/\/athenscitysuites.com\/#organization","name":"Athens City Suites","url":"https:\/\/athenscitysuites.com\/","logo":{"@type":"ImageObject","inLanguage":"fr-FR","@id":"https:\/\/athenscitysuites.com\/#\/schema\/logo\/image\/","url":"https:\/\/athenscitysuites.com\/wp-content\/uploads\/2025\/04\/logo.png","contentUrl":"https:\/\/athenscitysuites.com\/wp-content\/uploads\/2025\/04\/logo.png","width":984,"height":180,"caption":"Athens City Suites"},"image":{"@id":"https:\/\/athenscitysuites.com\/#\/schema\/logo\/image\/"}}]}},"_links":{"self":[{"href":"https:\/\/athenscitysuites.com\/fr\/wp-json\/wp\/v2\/pages\/1518","targetHints":{"allow":["GET"]}}],"collection":[{"href":"https:\/\/athenscitysuites.com\/fr\/wp-json\/wp\/v2\/pages"}],"about":[{"href":"https:\/\/athenscitysuites.com\/fr\/wp-json\/wp\/v2\/types\/page"}],"author":[{"embeddable":true,"href":"https:\/\/athenscitysuites.com\/fr\/wp-json\/wp\/v2\/users\/1"}],"replies":[{"embeddable":true,"href":"https:\/\/athenscitysuites.com\/fr\/wp-json\/wp\/v2\/comments?post=1518"}],"version-history":[{"count":1,"href":"https:\/\/athenscitysuites.com\/fr\/wp-json\/wp\/v2\/pages\/1518\/revisions"}],"predecessor-version":[{"id":2122,"href":"https:\/\/athenscitysuites.com\/fr\/wp-json\/wp\/v2\/pages\/1518\/revisions\/2122"}],"up":[{"embeddable":true,"href":"https:\/\/athenscitysuites.com\/fr\/wp-json\/wp\/v2\/pages\/2119"}],"wp:featuredmedia":[{"embeddable":true,"href":"https:\/\/athenscitysuites.com\/fr\/wp-json\/wp\/v2\/media\/1519"}],"wp:attachment":[{"href":"https:\/\/athenscitysuites.com\/fr\/wp-json\/wp\/v2\/media?parent=1518"}],"curies":[{"name":"wp","href":"https:\/\/api.w.org\/{rel}","templated":true}]}}