{"id":1944,"date":"2025-04-08T13:32:53","date_gmt":"2025-04-08T10:32:53","guid":{"rendered":"https:\/\/athenscitysuites.com\/lancienne-corinthe-demi-journee\/"},"modified":"2025-04-28T12:03:21","modified_gmt":"2025-04-28T09:03:21","slug":"lancienne-corinthe-demi-journee","status":"publish","type":"page","link":"https:\/\/athenscitysuites.com\/fr\/les-visites-guidees\/lancienne-corinthe-demi-journee\/","title":{"rendered":"L&rsquo;ancienne Corinthe &#8211; demi-journ\u00e9e"},"content":{"rendered":"<p>Quittez Ath\u00e8nes et roulez vers le sud-ouest jusqu&rsquo;au canal de Corinthe qui relie la mer \u00c9g\u00e9e \u00e0 la mer Ionienne (courte halte).<!--more View More--><\/p>\n<p>Poursuivez votre route et visitez l&rsquo;ancienne ville de Corinthe o\u00f9 Saint Paul a v\u00e9cu et pr\u00each\u00e9 pendant deux ans. Les vestiges de la ville, dont l&rsquo;Agora (place du march\u00e9) et le temple d&rsquo;Apollon (VIe si\u00e8cle av. J.-C.), montrent clairement la richesse et l&rsquo;importance de Corinthe dans l&rsquo;Antiquit\u00e9. Un court arr\u00eat sur le site de l&rsquo;ancien port de Cehrees, o\u00f9 Saint Paul a d\u00e9barqu\u00e9, conclura la visite. Retour \u00e0 Ath\u00e8nes par le m\u00eame itin\u00e9raire.   <\/p>\n<p>N. B. Les clients qui restent sur la c\u00f4te seront ramen\u00e9s \u00e0 leurs h\u00f4tels vers 15h00. Avec le bus touristique du Cap Sounion. <\/p>\n","protected":false},"excerpt":{"rendered":"<p>Excursion d&rsquo;une demi-journ\u00e9e<\/p>\n","protected":false},"author":1,"featured_media":1945,"parent":2119,"menu_order":0,"comment_status":"closed","ping_status":"closed","template":"","meta":{"_themeisle_gutenberg_block_has_review":false,"footnotes":""},"class_list":["post-1944","page","type-page","status-publish","has-post-thumbnail","hentry"],"yoast_head":"<!-- This site is optimized with the Yoast SEO plugin v25.9 - https:\/\/yoast.com\/wordpress\/plugins\/seo\/ -->\n<title>L&#039;ancienne Corinthe - demi-journ\u00e9e - Athens City Suites<\/title>\n<meta name=\"robots\" content=\"index, follow, max-snippet:-1, max-image-preview:large, max-video-preview:-1\" \/>\n<link rel=\"canonical\" href=\"https:\/\/athenscitysuites.com\/fr\/les-visites-guidees\/lancienne-corinthe-demi-journee\/\" \/>\n<meta property=\"og:locale\" content=\"fr_FR\" \/>\n<meta property=\"og:type\" content=\"article\" \/>\n<meta property=\"og:title\" content=\"L&#039;ancienne Corinthe - demi-journ\u00e9e - Athens City Suites\" \/>\n<meta property=\"og:description\" content=\"Excursion d&#039;une demi-journ\u00e9e\" \/>\n<meta property=\"og:url\" content=\"https:\/\/athenscitysuites.com\/fr\/les-visites-guidees\/lancienne-corinthe-demi-journee\/\" \/>\n<meta property=\"og:site_name\" content=\"Athens City Suites\" \/>\n<meta property=\"article:modified_time\" content=\"2025-04-28T09:03:21+00:00\" \/>\n<meta property=\"og:image\" content=\"https:\/\/athenscitysuites.com\/wp-content\/uploads\/2025\/04\/ANCIENT-CORINTH-HALF-DAY.webp\" \/>\n\t<meta property=\"og:image:width\" content=\"1920\" \/>\n\t<meta property=\"og:image:height\" content=\"560\" \/>\n\t<meta property=\"og:image:type\" content=\"image\/webp\" \/>\n<meta name=\"twitter:card\" content=\"summary_large_image\" \/>\n<meta name=\"twitter:label1\" content=\"Dur\u00e9e de lecture estim\u00e9e\" \/>\n\t<meta name=\"twitter:data1\" content=\"1 minute\" \/>\n<script type=\"application\/ld+json\" class=\"yoast-schema-graph\">{\"@context\":\"https:\/\/schema.org\",\"@graph\":[{\"@type\":\"WebPage\",\"@id\":\"https:\/\/athenscitysuites.com\/fr\/les-visites-guidees\/lancienne-corinthe-demi-journee\/\",\"url\":\"https:\/\/athenscitysuites.com\/fr\/les-visites-guidees\/lancienne-corinthe-demi-journee\/\",\"name\":\"L'ancienne Corinthe - demi-journ\u00e9e - Athens City Suites\",\"isPartOf\":{\"@id\":\"https:\/\/athenscitysuites.com\/#website\"},\"primaryImageOfPage\":{\"@id\":\"https:\/\/athenscitysuites.com\/fr\/les-visites-guidees\/lancienne-corinthe-demi-journee\/#primaryimage\"},\"image\":{\"@id\":\"https:\/\/athenscitysuites.com\/fr\/les-visites-guidees\/lancienne-corinthe-demi-journee\/#primaryimage\"},\"thumbnailUrl\":\"https:\/\/athenscitysuites.com\/wp-content\/uploads\/2025\/04\/ANCIENT-CORINTH-HALF-DAY.webp\",\"datePublished\":\"2025-04-08T10:32:53+00:00\",\"dateModified\":\"2025-04-28T09:03:21+00:00\",\"breadcrumb\":{\"@id\":\"https:\/\/athenscitysuites.com\/fr\/les-visites-guidees\/lancienne-corinthe-demi-journee\/#breadcrumb\"},\"inLanguage\":\"fr-FR\",\"potentialAction\":[{\"@type\":\"ReadAction\",\"target\":[\"https:\/\/athenscitysuites.com\/fr\/les-visites-guidees\/lancienne-corinthe-demi-journee\/\"]}]},{\"@type\":\"ImageObject\",\"inLanguage\":\"fr-FR\",\"@id\":\"https:\/\/athenscitysuites.com\/fr\/les-visites-guidees\/lancienne-corinthe-demi-journee\/#primaryimage\",\"url\":\"https:\/\/athenscitysuites.com\/wp-content\/uploads\/2025\/04\/ANCIENT-CORINTH-HALF-DAY.webp\",\"contentUrl\":\"https:\/\/athenscitysuites.com\/wp-content\/uploads\/2025\/04\/ANCIENT-CORINTH-HALF-DAY.webp\",\"width\":1920,\"height\":560},{\"@type\":\"BreadcrumbList\",\"@id\":\"https:\/\/athenscitysuites.com\/fr\/les-visites-guidees\/lancienne-corinthe-demi-journee\/#breadcrumb\",\"itemListElement\":[{\"@type\":\"ListItem\",\"position\":1,\"name\":\"\u0391\u03c1\u03c7\u03b9\u03ba\u03ae\",\"item\":\"https:\/\/athenscitysuites.com\/fr\/\"},{\"@type\":\"ListItem\",\"position\":2,\"name\":\"Les visites guid\u00e9es\",\"item\":\"https:\/\/athenscitysuites.com\/fr\/les-visites-guidees\/\"},{\"@type\":\"ListItem\",\"position\":3,\"name\":\"L&#8217;ancienne Corinthe &#8211; demi-journ\u00e9e\"}]},{\"@type\":\"WebSite\",\"@id\":\"https:\/\/athenscitysuites.com\/#website\",\"url\":\"https:\/\/athenscitysuites.com\/\",\"name\":\"Athens City Suites\",\"description\":\"\",\"publisher\":{\"@id\":\"https:\/\/athenscitysuites.com\/#organization\"},\"potentialAction\":[{\"@type\":\"SearchAction\",\"target\":{\"@type\":\"EntryPoint\",\"urlTemplate\":\"https:\/\/athenscitysuites.com\/?s={search_term_string}\"},\"query-input\":{\"@type\":\"PropertyValueSpecification\",\"valueRequired\":true,\"valueName\":\"search_term_string\"}}],\"inLanguage\":\"fr-FR\"},{\"@type\":\"Organization\",\"@id\":\"https:\/\/athenscitysuites.com\/#organization\",\"name\":\"Athens City Suites\",\"url\":\"https:\/\/athenscitysuites.com\/\",\"logo\":{\"@type\":\"ImageObject\",\"inLanguage\":\"fr-FR\",\"@id\":\"https:\/\/athenscitysuites.com\/#\/schema\/logo\/image\/\",\"url\":\"https:\/\/athenscitysuites.com\/wp-content\/uploads\/2025\/04\/logo.png\",\"contentUrl\":\"https:\/\/athenscitysuites.com\/wp-content\/uploads\/2025\/04\/logo.png\",\"width\":984,\"height\":180,\"caption\":\"Athens City Suites\"},\"image\":{\"@id\":\"https:\/\/athenscitysuites.com\/#\/schema\/logo\/image\/\"}}]}<\/script>\n<!-- \/ Yoast SEO plugin. -->","yoast_head_json":{"title":"L'ancienne Corinthe - demi-journ\u00e9e - Athens City Suites","robots":{"index":"index","follow":"follow","max-snippet":"max-snippet:-1","max-image-preview":"max-image-preview:large","max-video-preview":"max-video-preview:-1"},"canonical":"https:\/\/athenscitysuites.com\/fr\/les-visites-guidees\/lancienne-corinthe-demi-journee\/","og_locale":"fr_FR","og_type":"article","og_title":"L'ancienne Corinthe - demi-journ\u00e9e - Athens City Suites","og_description":"Excursion d'une demi-journ\u00e9e","og_url":"https:\/\/athenscitysuites.com\/fr\/les-visites-guidees\/lancienne-corinthe-demi-journee\/","og_site_name":"Athens City Suites","article_modified_time":"2025-04-28T09:03:21+00:00","og_image":[{"width":1920,"height":560,"url":"https:\/\/athenscitysuites.com\/wp-content\/uploads\/2025\/04\/ANCIENT-CORINTH-HALF-DAY.webp","type":"image\/webp"}],"twitter_card":"summary_large_image","twitter_misc":{"Dur\u00e9e de lecture estim\u00e9e":"1 minute"},"schema":{"@context":"https:\/\/schema.org","@graph":[{"@type":"WebPage","@id":"https:\/\/athenscitysuites.com\/fr\/les-visites-guidees\/lancienne-corinthe-demi-journee\/","url":"https:\/\/athenscitysuites.com\/fr\/les-visites-guidees\/lancienne-corinthe-demi-journee\/","name":"L'ancienne Corinthe - demi-journ\u00e9e - Athens City Suites","isPartOf":{"@id":"https:\/\/athenscitysuites.com\/#website"},"primaryImageOfPage":{"@id":"https:\/\/athenscitysuites.com\/fr\/les-visites-guidees\/lancienne-corinthe-demi-journee\/#primaryimage"},"image":{"@id":"https:\/\/athenscitysuites.com\/fr\/les-visites-guidees\/lancienne-corinthe-demi-journee\/#primaryimage"},"thumbnailUrl":"https:\/\/athenscitysuites.com\/wp-content\/uploads\/2025\/04\/ANCIENT-CORINTH-HALF-DAY.webp","datePublished":"2025-04-08T10:32:53+00:00","dateModified":"2025-04-28T09:03:21+00:00","breadcrumb":{"@id":"https:\/\/athenscitysuites.com\/fr\/les-visites-guidees\/lancienne-corinthe-demi-journee\/#breadcrumb"},"inLanguage":"fr-FR","potentialAction":[{"@type":"ReadAction","target":["https:\/\/athenscitysuites.com\/fr\/les-visites-guidees\/lancienne-corinthe-demi-journee\/"]}]},{"@type":"ImageObject","inLanguage":"fr-FR","@id":"https:\/\/athenscitysuites.com\/fr\/les-visites-guidees\/lancienne-corinthe-demi-journee\/#primaryimage","url":"https:\/\/athenscitysuites.com\/wp-content\/uploads\/2025\/04\/ANCIENT-CORINTH-HALF-DAY.webp","contentUrl":"https:\/\/athenscitysuites.com\/wp-content\/uploads\/2025\/04\/ANCIENT-CORINTH-HALF-DAY.webp","width":1920,"height":560},{"@type":"BreadcrumbList","@id":"https:\/\/athenscitysuites.com\/fr\/les-visites-guidees\/lancienne-corinthe-demi-journee\/#breadcrumb","itemListElement":[{"@type":"ListItem","position":1,"name":"\u0391\u03c1\u03c7\u03b9\u03ba\u03ae","item":"https:\/\/athenscitysuites.com\/fr\/"},{"@type":"ListItem","position":2,"name":"Les visites guid\u00e9es","item":"https:\/\/athenscitysuites.com\/fr\/les-visites-guidees\/"},{"@type":"ListItem","position":3,"name":"L&#8217;ancienne Corinthe &#8211; demi-journ\u00e9e"}]},{"@type":"WebSite","@id":"https:\/\/athenscitysuites.com\/#website","url":"https:\/\/athenscitysuites.com\/","name":"Athens City Suites","description":"","publisher":{"@id":"https:\/\/athenscitysuites.com\/#organization"},"potentialAction":[{"@type":"SearchAction","target":{"@type":"EntryPoint","urlTemplate":"https:\/\/athenscitysuites.com\/?s={search_term_string}"},"query-input":{"@type":"PropertyValueSpecification","valueRequired":true,"valueName":"search_term_string"}}],"inLanguage":"fr-FR"},{"@type":"Organization","@id":"https:\/\/athenscitysuites.com\/#organization","name":"Athens City Suites","url":"https:\/\/athenscitysuites.com\/","logo":{"@type":"ImageObject","inLanguage":"fr-FR","@id":"https:\/\/athenscitysuites.com\/#\/schema\/logo\/image\/","url":"https:\/\/athenscitysuites.com\/wp-content\/uploads\/2025\/04\/logo.png","contentUrl":"https:\/\/athenscitysuites.com\/wp-content\/uploads\/2025\/04\/logo.png","width":984,"height":180,"caption":"Athens City Suites"},"image":{"@id":"https:\/\/athenscitysuites.com\/#\/schema\/logo\/image\/"}}]}},"_links":{"self":[{"href":"https:\/\/athenscitysuites.com\/fr\/wp-json\/wp\/v2\/pages\/1944","targetHints":{"allow":["GET"]}}],"collection":[{"href":"https:\/\/athenscitysuites.com\/fr\/wp-json\/wp\/v2\/pages"}],"about":[{"href":"https:\/\/athenscitysuites.com\/fr\/wp-json\/wp\/v2\/types\/page"}],"author":[{"embeddable":true,"href":"https:\/\/athenscitysuites.com\/fr\/wp-json\/wp\/v2\/users\/1"}],"replies":[{"embeddable":true,"href":"https:\/\/athenscitysuites.com\/fr\/wp-json\/wp\/v2\/comments?post=1944"}],"version-history":[{"count":1,"href":"https:\/\/athenscitysuites.com\/fr\/wp-json\/wp\/v2\/pages\/1944\/revisions"}],"predecessor-version":[{"id":2125,"href":"https:\/\/athenscitysuites.com\/fr\/wp-json\/wp\/v2\/pages\/1944\/revisions\/2125"}],"up":[{"embeddable":true,"href":"https:\/\/athenscitysuites.com\/fr\/wp-json\/wp\/v2\/pages\/2119"}],"wp:featuredmedia":[{"embeddable":true,"href":"https:\/\/athenscitysuites.com\/fr\/wp-json\/wp\/v2\/media\/1945"}],"wp:attachment":[{"href":"https:\/\/athenscitysuites.com\/fr\/wp-json\/wp\/v2\/media?parent=1944"}],"curies":[{"name":"wp","href":"https:\/\/api.w.org\/{rel}","templated":true}]}}