{"id":2117,"date":"2017-05-16T14:42:56","date_gmt":"2017-05-16T11:42:56","guid":{"rendered":"https:\/\/athenscitysuites.com\/delphes-un-jour\/"},"modified":"2025-04-28T12:03:20","modified_gmt":"2025-04-28T09:03:20","slug":"delphes-un-jour","status":"publish","type":"page","link":"https:\/\/athenscitysuites.com\/fr\/les-visites-guidees\/delphes-un-jour\/","title":{"rendered":"Delphes un jour"},"content":{"rendered":"<p>Route \u00e0 travers la plaine fertile de B\u00e9otie, traversant les villes de Th\u00e8bes li\u00e9es \u00e0 la trag\u00e9die d&rsquo;\u0152dipe roi &#8211; Levadia et Arachova (court arr\u00eat sur le chemin du retour).<!--more View More--><\/p>\n<p>Arriv\u00e9e \u00e0 Delphes, le centre du monde antique &#8211; l'\u00a0\u00bbOmphalos\u00a0\u00bb (Nombril de la Terre) &#8211; dont le prestige s&rsquo;\u00e9tendait bien au-del\u00e0 des fronti\u00e8res du monde hell\u00e9nique. Sur les pentes du mont Parnasse, dans un paysage d&rsquo;une beaut\u00e9 et d&rsquo;une majest\u00e9 in\u00e9gal\u00e9es, se trouvent les ruines du sanctuaire d&rsquo;Apollon, l&rsquo;oracle le plus c\u00e9l\u00e8bre du monde antique. Visite du Tr\u00e9sor des Ath\u00e9niens, du temple d&rsquo;Apollon et du mus\u00e9e contenant des chefs-d&rsquo;\u0153uvre de la sculpture grecque antique tels que le Chariot en bronze, le c\u00e9l\u00e8bre athl\u00e8te Aghias et le Sphinx. D\u00e9jeuner dans le village moderne de Delphes et retour \u00e0 Ath\u00e8nes par le m\u00eame itin\u00e9raire.   <\/p>\n<p>N. B. Les clients s\u00e9journant sur la c\u00f4te quitteront le terminal de G.O.TOURS vers 19h30 pour rejoindre leurs h\u00f4tels.<\/p>\n","protected":false},"excerpt":{"rendered":"<p>Excursion d&rsquo;une journ\u00e9e<\/p>\n","protected":false},"author":1,"featured_media":2118,"parent":2119,"menu_order":0,"comment_status":"closed","ping_status":"closed","template":"","meta":{"_themeisle_gutenberg_block_has_review":false,"footnotes":""},"class_list":["post-2117","page","type-page","status-publish","has-post-thumbnail","hentry"],"yoast_head":"<!-- This site is optimized with the Yoast SEO plugin v25.9 - https:\/\/yoast.com\/wordpress\/plugins\/seo\/ -->\n<title>Delphes un jour - Athens City Suites<\/title>\n<meta name=\"robots\" content=\"index, follow, max-snippet:-1, max-image-preview:large, max-video-preview:-1\" \/>\n<link rel=\"canonical\" href=\"https:\/\/athenscitysuites.com\/fr\/les-visites-guidees\/delphes-un-jour\/\" \/>\n<meta property=\"og:locale\" content=\"fr_FR\" \/>\n<meta property=\"og:type\" content=\"article\" \/>\n<meta property=\"og:title\" content=\"Delphes un jour - Athens City Suites\" \/>\n<meta property=\"og:description\" content=\"Excursion d&#039;une journ\u00e9e\" \/>\n<meta property=\"og:url\" content=\"https:\/\/athenscitysuites.com\/fr\/les-visites-guidees\/delphes-un-jour\/\" \/>\n<meta property=\"og:site_name\" content=\"Athens City Suites\" \/>\n<meta property=\"article:modified_time\" content=\"2025-04-28T09:03:20+00:00\" \/>\n<meta property=\"og:image\" content=\"https:\/\/athenscitysuites.com\/wp-content\/uploads\/2025\/04\/DELPHI-ONE-DAY.webp\" \/>\n\t<meta property=\"og:image:width\" content=\"1920\" \/>\n\t<meta property=\"og:image:height\" content=\"560\" \/>\n\t<meta property=\"og:image:type\" content=\"image\/webp\" \/>\n<meta name=\"twitter:card\" content=\"summary_large_image\" \/>\n<meta name=\"twitter:label1\" content=\"Dur\u00e9e de lecture estim\u00e9e\" \/>\n\t<meta name=\"twitter:data1\" content=\"1 minute\" \/>\n<script type=\"application\/ld+json\" class=\"yoast-schema-graph\">{\"@context\":\"https:\/\/schema.org\",\"@graph\":[{\"@type\":\"WebPage\",\"@id\":\"https:\/\/athenscitysuites.com\/fr\/les-visites-guidees\/delphes-un-jour\/\",\"url\":\"https:\/\/athenscitysuites.com\/fr\/les-visites-guidees\/delphes-un-jour\/\",\"name\":\"Delphes un jour - Athens City Suites\",\"isPartOf\":{\"@id\":\"https:\/\/athenscitysuites.com\/#website\"},\"primaryImageOfPage\":{\"@id\":\"https:\/\/athenscitysuites.com\/fr\/les-visites-guidees\/delphes-un-jour\/#primaryimage\"},\"image\":{\"@id\":\"https:\/\/athenscitysuites.com\/fr\/les-visites-guidees\/delphes-un-jour\/#primaryimage\"},\"thumbnailUrl\":\"https:\/\/athenscitysuites.com\/wp-content\/uploads\/2025\/04\/DELPHI-ONE-DAY.webp\",\"datePublished\":\"2017-05-16T11:42:56+00:00\",\"dateModified\":\"2025-04-28T09:03:20+00:00\",\"breadcrumb\":{\"@id\":\"https:\/\/athenscitysuites.com\/fr\/les-visites-guidees\/delphes-un-jour\/#breadcrumb\"},\"inLanguage\":\"fr-FR\",\"potentialAction\":[{\"@type\":\"ReadAction\",\"target\":[\"https:\/\/athenscitysuites.com\/fr\/les-visites-guidees\/delphes-un-jour\/\"]}]},{\"@type\":\"ImageObject\",\"inLanguage\":\"fr-FR\",\"@id\":\"https:\/\/athenscitysuites.com\/fr\/les-visites-guidees\/delphes-un-jour\/#primaryimage\",\"url\":\"https:\/\/athenscitysuites.com\/wp-content\/uploads\/2025\/04\/DELPHI-ONE-DAY.webp\",\"contentUrl\":\"https:\/\/athenscitysuites.com\/wp-content\/uploads\/2025\/04\/DELPHI-ONE-DAY.webp\",\"width\":1920,\"height\":560},{\"@type\":\"BreadcrumbList\",\"@id\":\"https:\/\/athenscitysuites.com\/fr\/les-visites-guidees\/delphes-un-jour\/#breadcrumb\",\"itemListElement\":[{\"@type\":\"ListItem\",\"position\":1,\"name\":\"\u0391\u03c1\u03c7\u03b9\u03ba\u03ae\",\"item\":\"https:\/\/athenscitysuites.com\/fr\/\"},{\"@type\":\"ListItem\",\"position\":2,\"name\":\"Les visites guid\u00e9es\",\"item\":\"https:\/\/athenscitysuites.com\/fr\/les-visites-guidees\/\"},{\"@type\":\"ListItem\",\"position\":3,\"name\":\"Delphes un jour\"}]},{\"@type\":\"WebSite\",\"@id\":\"https:\/\/athenscitysuites.com\/#website\",\"url\":\"https:\/\/athenscitysuites.com\/\",\"name\":\"Athens City Suites\",\"description\":\"\",\"publisher\":{\"@id\":\"https:\/\/athenscitysuites.com\/#organization\"},\"potentialAction\":[{\"@type\":\"SearchAction\",\"target\":{\"@type\":\"EntryPoint\",\"urlTemplate\":\"https:\/\/athenscitysuites.com\/?s={search_term_string}\"},\"query-input\":{\"@type\":\"PropertyValueSpecification\",\"valueRequired\":true,\"valueName\":\"search_term_string\"}}],\"inLanguage\":\"fr-FR\"},{\"@type\":\"Organization\",\"@id\":\"https:\/\/athenscitysuites.com\/#organization\",\"name\":\"Athens City Suites\",\"url\":\"https:\/\/athenscitysuites.com\/\",\"logo\":{\"@type\":\"ImageObject\",\"inLanguage\":\"fr-FR\",\"@id\":\"https:\/\/athenscitysuites.com\/#\/schema\/logo\/image\/\",\"url\":\"https:\/\/athenscitysuites.com\/wp-content\/uploads\/2025\/04\/logo.png\",\"contentUrl\":\"https:\/\/athenscitysuites.com\/wp-content\/uploads\/2025\/04\/logo.png\",\"width\":984,\"height\":180,\"caption\":\"Athens City Suites\"},\"image\":{\"@id\":\"https:\/\/athenscitysuites.com\/#\/schema\/logo\/image\/\"}}]}<\/script>\n<!-- \/ Yoast SEO plugin. -->","yoast_head_json":{"title":"Delphes un jour - Athens City Suites","robots":{"index":"index","follow":"follow","max-snippet":"max-snippet:-1","max-image-preview":"max-image-preview:large","max-video-preview":"max-video-preview:-1"},"canonical":"https:\/\/athenscitysuites.com\/fr\/les-visites-guidees\/delphes-un-jour\/","og_locale":"fr_FR","og_type":"article","og_title":"Delphes un jour - Athens City Suites","og_description":"Excursion d'une journ\u00e9e","og_url":"https:\/\/athenscitysuites.com\/fr\/les-visites-guidees\/delphes-un-jour\/","og_site_name":"Athens City Suites","article_modified_time":"2025-04-28T09:03:20+00:00","og_image":[{"width":1920,"height":560,"url":"https:\/\/athenscitysuites.com\/wp-content\/uploads\/2025\/04\/DELPHI-ONE-DAY.webp","type":"image\/webp"}],"twitter_card":"summary_large_image","twitter_misc":{"Dur\u00e9e de lecture estim\u00e9e":"1 minute"},"schema":{"@context":"https:\/\/schema.org","@graph":[{"@type":"WebPage","@id":"https:\/\/athenscitysuites.com\/fr\/les-visites-guidees\/delphes-un-jour\/","url":"https:\/\/athenscitysuites.com\/fr\/les-visites-guidees\/delphes-un-jour\/","name":"Delphes un jour - Athens City Suites","isPartOf":{"@id":"https:\/\/athenscitysuites.com\/#website"},"primaryImageOfPage":{"@id":"https:\/\/athenscitysuites.com\/fr\/les-visites-guidees\/delphes-un-jour\/#primaryimage"},"image":{"@id":"https:\/\/athenscitysuites.com\/fr\/les-visites-guidees\/delphes-un-jour\/#primaryimage"},"thumbnailUrl":"https:\/\/athenscitysuites.com\/wp-content\/uploads\/2025\/04\/DELPHI-ONE-DAY.webp","datePublished":"2017-05-16T11:42:56+00:00","dateModified":"2025-04-28T09:03:20+00:00","breadcrumb":{"@id":"https:\/\/athenscitysuites.com\/fr\/les-visites-guidees\/delphes-un-jour\/#breadcrumb"},"inLanguage":"fr-FR","potentialAction":[{"@type":"ReadAction","target":["https:\/\/athenscitysuites.com\/fr\/les-visites-guidees\/delphes-un-jour\/"]}]},{"@type":"ImageObject","inLanguage":"fr-FR","@id":"https:\/\/athenscitysuites.com\/fr\/les-visites-guidees\/delphes-un-jour\/#primaryimage","url":"https:\/\/athenscitysuites.com\/wp-content\/uploads\/2025\/04\/DELPHI-ONE-DAY.webp","contentUrl":"https:\/\/athenscitysuites.com\/wp-content\/uploads\/2025\/04\/DELPHI-ONE-DAY.webp","width":1920,"height":560},{"@type":"BreadcrumbList","@id":"https:\/\/athenscitysuites.com\/fr\/les-visites-guidees\/delphes-un-jour\/#breadcrumb","itemListElement":[{"@type":"ListItem","position":1,"name":"\u0391\u03c1\u03c7\u03b9\u03ba\u03ae","item":"https:\/\/athenscitysuites.com\/fr\/"},{"@type":"ListItem","position":2,"name":"Les visites guid\u00e9es","item":"https:\/\/athenscitysuites.com\/fr\/les-visites-guidees\/"},{"@type":"ListItem","position":3,"name":"Delphes un jour"}]},{"@type":"WebSite","@id":"https:\/\/athenscitysuites.com\/#website","url":"https:\/\/athenscitysuites.com\/","name":"Athens City Suites","description":"","publisher":{"@id":"https:\/\/athenscitysuites.com\/#organization"},"potentialAction":[{"@type":"SearchAction","target":{"@type":"EntryPoint","urlTemplate":"https:\/\/athenscitysuites.com\/?s={search_term_string}"},"query-input":{"@type":"PropertyValueSpecification","valueRequired":true,"valueName":"search_term_string"}}],"inLanguage":"fr-FR"},{"@type":"Organization","@id":"https:\/\/athenscitysuites.com\/#organization","name":"Athens City Suites","url":"https:\/\/athenscitysuites.com\/","logo":{"@type":"ImageObject","inLanguage":"fr-FR","@id":"https:\/\/athenscitysuites.com\/#\/schema\/logo\/image\/","url":"https:\/\/athenscitysuites.com\/wp-content\/uploads\/2025\/04\/logo.png","contentUrl":"https:\/\/athenscitysuites.com\/wp-content\/uploads\/2025\/04\/logo.png","width":984,"height":180,"caption":"Athens City Suites"},"image":{"@id":"https:\/\/athenscitysuites.com\/#\/schema\/logo\/image\/"}}]}},"_links":{"self":[{"href":"https:\/\/athenscitysuites.com\/fr\/wp-json\/wp\/v2\/pages\/2117","targetHints":{"allow":["GET"]}}],"collection":[{"href":"https:\/\/athenscitysuites.com\/fr\/wp-json\/wp\/v2\/pages"}],"about":[{"href":"https:\/\/athenscitysuites.com\/fr\/wp-json\/wp\/v2\/types\/page"}],"author":[{"embeddable":true,"href":"https:\/\/athenscitysuites.com\/fr\/wp-json\/wp\/v2\/users\/1"}],"replies":[{"embeddable":true,"href":"https:\/\/athenscitysuites.com\/fr\/wp-json\/wp\/v2\/comments?post=2117"}],"version-history":[{"count":1,"href":"https:\/\/athenscitysuites.com\/fr\/wp-json\/wp\/v2\/pages\/2117\/revisions"}],"predecessor-version":[{"id":2121,"href":"https:\/\/athenscitysuites.com\/fr\/wp-json\/wp\/v2\/pages\/2117\/revisions\/2121"}],"up":[{"embeddable":true,"href":"https:\/\/athenscitysuites.com\/fr\/wp-json\/wp\/v2\/pages\/2119"}],"wp:featuredmedia":[{"embeddable":true,"href":"https:\/\/athenscitysuites.com\/fr\/wp-json\/wp\/v2\/media\/2118"}],"wp:attachment":[{"href":"https:\/\/athenscitysuites.com\/fr\/wp-json\/wp\/v2\/media?parent=2117"}],"curies":[{"name":"wp","href":"https:\/\/api.w.org\/{rel}","templated":true}]}}