{"id":2119,"date":"2017-05-16T14:00:57","date_gmt":"2017-05-16T11:00:57","guid":{"rendered":"https:\/\/athenscitysuites.com\/les-visites-guidees\/"},"modified":"2025-04-28T12:03:22","modified_gmt":"2025-04-28T09:03:22","slug":"les-visites-guidees","status":"publish","type":"page","link":"https:\/\/athenscitysuites.com\/fr\/les-visites-guidees\/","title":{"rendered":"Les visites guid\u00e9es"},"content":{"rendered":"\n<p class=\"has-text-align-center\">\u00c0 l&rsquo;Athens City Suites, nous nous effor\u00e7ons de vous offrir un s\u00e9jour vraiment m\u00e9morable, en vous proposant un \u00e9ventail de services personnalis\u00e9s et d&rsquo;activit\u00e9s pour enrichir votre exp\u00e9rience ath\u00e9nienne.<\/p>\n","protected":false},"excerpt":{"rendered":"<p>Un monde plein de souvenirs !<\/p>\n","protected":false},"author":1,"featured_media":1488,"parent":0,"menu_order":0,"comment_status":"closed","ping_status":"closed","template":"template-full-width-grid-page.php","meta":{"_themeisle_gutenberg_block_has_review":false,"footnotes":""},"class_list":["post-2119","page","type-page","status-publish","has-post-thumbnail","hentry"],"yoast_head":"<!-- This site is optimized with the Yoast SEO plugin v25.9 - https:\/\/yoast.com\/wordpress\/plugins\/seo\/ -->\n<title>Les visites guid\u00e9es - Athens City Suites<\/title>\n<meta name=\"robots\" content=\"index, follow, max-snippet:-1, max-image-preview:large, max-video-preview:-1\" \/>\n<link rel=\"canonical\" href=\"https:\/\/athenscitysuites.com\/fr\/les-visites-guidees\/\" \/>\n<meta property=\"og:locale\" content=\"fr_FR\" \/>\n<meta property=\"og:type\" content=\"article\" \/>\n<meta property=\"og:title\" content=\"Les visites guid\u00e9es - Athens City Suites\" \/>\n<meta property=\"og:description\" content=\"Un monde plein de souvenirs !\" \/>\n<meta property=\"og:url\" content=\"https:\/\/athenscitysuites.com\/fr\/les-visites-guidees\/\" \/>\n<meta property=\"og:site_name\" content=\"Athens City Suites\" \/>\n<meta property=\"article:modified_time\" content=\"2025-04-28T09:03:22+00:00\" \/>\n<meta property=\"og:image\" content=\"https:\/\/athenscitysuites.com\/wp-content\/uploads\/2025\/04\/FULL-DAY-ATHENS-CITY-TOUR-WITH-CAPE-SOUNION-INCLUDING-LUNCH.webp\" \/>\n\t<meta property=\"og:image:width\" content=\"1920\" \/>\n\t<meta property=\"og:image:height\" content=\"560\" \/>\n\t<meta property=\"og:image:type\" content=\"image\/webp\" \/>\n<meta name=\"twitter:card\" content=\"summary_large_image\" \/>\n<script type=\"application\/ld+json\" class=\"yoast-schema-graph\">{\"@context\":\"https:\/\/schema.org\",\"@graph\":[{\"@type\":\"WebPage\",\"@id\":\"https:\/\/athenscitysuites.com\/fr\/les-visites-guidees\/\",\"url\":\"https:\/\/athenscitysuites.com\/fr\/les-visites-guidees\/\",\"name\":\"Les visites guid\u00e9es - Athens City Suites\",\"isPartOf\":{\"@id\":\"https:\/\/athenscitysuites.com\/#website\"},\"primaryImageOfPage\":{\"@id\":\"https:\/\/athenscitysuites.com\/fr\/les-visites-guidees\/#primaryimage\"},\"image\":{\"@id\":\"https:\/\/athenscitysuites.com\/fr\/les-visites-guidees\/#primaryimage\"},\"thumbnailUrl\":\"https:\/\/athenscitysuites.com\/wp-content\/uploads\/2025\/04\/FULL-DAY-ATHENS-CITY-TOUR-WITH-CAPE-SOUNION-INCLUDING-LUNCH.webp\",\"datePublished\":\"2017-05-16T11:00:57+00:00\",\"dateModified\":\"2025-04-28T09:03:22+00:00\",\"breadcrumb\":{\"@id\":\"https:\/\/athenscitysuites.com\/fr\/les-visites-guidees\/#breadcrumb\"},\"inLanguage\":\"fr-FR\",\"potentialAction\":[{\"@type\":\"ReadAction\",\"target\":[\"https:\/\/athenscitysuites.com\/fr\/les-visites-guidees\/\"]}]},{\"@type\":\"ImageObject\",\"inLanguage\":\"fr-FR\",\"@id\":\"https:\/\/athenscitysuites.com\/fr\/les-visites-guidees\/#primaryimage\",\"url\":\"https:\/\/athenscitysuites.com\/wp-content\/uploads\/2025\/04\/FULL-DAY-ATHENS-CITY-TOUR-WITH-CAPE-SOUNION-INCLUDING-LUNCH.webp\",\"contentUrl\":\"https:\/\/athenscitysuites.com\/wp-content\/uploads\/2025\/04\/FULL-DAY-ATHENS-CITY-TOUR-WITH-CAPE-SOUNION-INCLUDING-LUNCH.webp\",\"width\":1920,\"height\":560},{\"@type\":\"BreadcrumbList\",\"@id\":\"https:\/\/athenscitysuites.com\/fr\/les-visites-guidees\/#breadcrumb\",\"itemListElement\":[{\"@type\":\"ListItem\",\"position\":1,\"name\":\"\u0391\u03c1\u03c7\u03b9\u03ba\u03ae\",\"item\":\"https:\/\/athenscitysuites.com\/fr\/\"},{\"@type\":\"ListItem\",\"position\":2,\"name\":\"Les visites guid\u00e9es\"}]},{\"@type\":\"WebSite\",\"@id\":\"https:\/\/athenscitysuites.com\/#website\",\"url\":\"https:\/\/athenscitysuites.com\/\",\"name\":\"Athens City Suites\",\"description\":\"\",\"publisher\":{\"@id\":\"https:\/\/athenscitysuites.com\/#organization\"},\"potentialAction\":[{\"@type\":\"SearchAction\",\"target\":{\"@type\":\"EntryPoint\",\"urlTemplate\":\"https:\/\/athenscitysuites.com\/?s={search_term_string}\"},\"query-input\":{\"@type\":\"PropertyValueSpecification\",\"valueRequired\":true,\"valueName\":\"search_term_string\"}}],\"inLanguage\":\"fr-FR\"},{\"@type\":\"Organization\",\"@id\":\"https:\/\/athenscitysuites.com\/#organization\",\"name\":\"Athens City Suites\",\"url\":\"https:\/\/athenscitysuites.com\/\",\"logo\":{\"@type\":\"ImageObject\",\"inLanguage\":\"fr-FR\",\"@id\":\"https:\/\/athenscitysuites.com\/#\/schema\/logo\/image\/\",\"url\":\"https:\/\/athenscitysuites.com\/wp-content\/uploads\/2025\/04\/logo.png\",\"contentUrl\":\"https:\/\/athenscitysuites.com\/wp-content\/uploads\/2025\/04\/logo.png\",\"width\":984,\"height\":180,\"caption\":\"Athens City Suites\"},\"image\":{\"@id\":\"https:\/\/athenscitysuites.com\/#\/schema\/logo\/image\/\"}}]}<\/script>\n<!-- \/ Yoast SEO plugin. -->","yoast_head_json":{"title":"Les visites guid\u00e9es - Athens City Suites","robots":{"index":"index","follow":"follow","max-snippet":"max-snippet:-1","max-image-preview":"max-image-preview:large","max-video-preview":"max-video-preview:-1"},"canonical":"https:\/\/athenscitysuites.com\/fr\/les-visites-guidees\/","og_locale":"fr_FR","og_type":"article","og_title":"Les visites guid\u00e9es - Athens City Suites","og_description":"Un monde plein de souvenirs !","og_url":"https:\/\/athenscitysuites.com\/fr\/les-visites-guidees\/","og_site_name":"Athens City Suites","article_modified_time":"2025-04-28T09:03:22+00:00","og_image":[{"width":1920,"height":560,"url":"https:\/\/athenscitysuites.com\/wp-content\/uploads\/2025\/04\/FULL-DAY-ATHENS-CITY-TOUR-WITH-CAPE-SOUNION-INCLUDING-LUNCH.webp","type":"image\/webp"}],"twitter_card":"summary_large_image","schema":{"@context":"https:\/\/schema.org","@graph":[{"@type":"WebPage","@id":"https:\/\/athenscitysuites.com\/fr\/les-visites-guidees\/","url":"https:\/\/athenscitysuites.com\/fr\/les-visites-guidees\/","name":"Les visites guid\u00e9es - Athens City Suites","isPartOf":{"@id":"https:\/\/athenscitysuites.com\/#website"},"primaryImageOfPage":{"@id":"https:\/\/athenscitysuites.com\/fr\/les-visites-guidees\/#primaryimage"},"image":{"@id":"https:\/\/athenscitysuites.com\/fr\/les-visites-guidees\/#primaryimage"},"thumbnailUrl":"https:\/\/athenscitysuites.com\/wp-content\/uploads\/2025\/04\/FULL-DAY-ATHENS-CITY-TOUR-WITH-CAPE-SOUNION-INCLUDING-LUNCH.webp","datePublished":"2017-05-16T11:00:57+00:00","dateModified":"2025-04-28T09:03:22+00:00","breadcrumb":{"@id":"https:\/\/athenscitysuites.com\/fr\/les-visites-guidees\/#breadcrumb"},"inLanguage":"fr-FR","potentialAction":[{"@type":"ReadAction","target":["https:\/\/athenscitysuites.com\/fr\/les-visites-guidees\/"]}]},{"@type":"ImageObject","inLanguage":"fr-FR","@id":"https:\/\/athenscitysuites.com\/fr\/les-visites-guidees\/#primaryimage","url":"https:\/\/athenscitysuites.com\/wp-content\/uploads\/2025\/04\/FULL-DAY-ATHENS-CITY-TOUR-WITH-CAPE-SOUNION-INCLUDING-LUNCH.webp","contentUrl":"https:\/\/athenscitysuites.com\/wp-content\/uploads\/2025\/04\/FULL-DAY-ATHENS-CITY-TOUR-WITH-CAPE-SOUNION-INCLUDING-LUNCH.webp","width":1920,"height":560},{"@type":"BreadcrumbList","@id":"https:\/\/athenscitysuites.com\/fr\/les-visites-guidees\/#breadcrumb","itemListElement":[{"@type":"ListItem","position":1,"name":"\u0391\u03c1\u03c7\u03b9\u03ba\u03ae","item":"https:\/\/athenscitysuites.com\/fr\/"},{"@type":"ListItem","position":2,"name":"Les visites guid\u00e9es"}]},{"@type":"WebSite","@id":"https:\/\/athenscitysuites.com\/#website","url":"https:\/\/athenscitysuites.com\/","name":"Athens City Suites","description":"","publisher":{"@id":"https:\/\/athenscitysuites.com\/#organization"},"potentialAction":[{"@type":"SearchAction","target":{"@type":"EntryPoint","urlTemplate":"https:\/\/athenscitysuites.com\/?s={search_term_string}"},"query-input":{"@type":"PropertyValueSpecification","valueRequired":true,"valueName":"search_term_string"}}],"inLanguage":"fr-FR"},{"@type":"Organization","@id":"https:\/\/athenscitysuites.com\/#organization","name":"Athens City Suites","url":"https:\/\/athenscitysuites.com\/","logo":{"@type":"ImageObject","inLanguage":"fr-FR","@id":"https:\/\/athenscitysuites.com\/#\/schema\/logo\/image\/","url":"https:\/\/athenscitysuites.com\/wp-content\/uploads\/2025\/04\/logo.png","contentUrl":"https:\/\/athenscitysuites.com\/wp-content\/uploads\/2025\/04\/logo.png","width":984,"height":180,"caption":"Athens City Suites"},"image":{"@id":"https:\/\/athenscitysuites.com\/#\/schema\/logo\/image\/"}}]}},"_links":{"self":[{"href":"https:\/\/athenscitysuites.com\/fr\/wp-json\/wp\/v2\/pages\/2119","targetHints":{"allow":["GET"]}}],"collection":[{"href":"https:\/\/athenscitysuites.com\/fr\/wp-json\/wp\/v2\/pages"}],"about":[{"href":"https:\/\/athenscitysuites.com\/fr\/wp-json\/wp\/v2\/types\/page"}],"author":[{"embeddable":true,"href":"https:\/\/athenscitysuites.com\/fr\/wp-json\/wp\/v2\/users\/1"}],"replies":[{"embeddable":true,"href":"https:\/\/athenscitysuites.com\/fr\/wp-json\/wp\/v2\/comments?post=2119"}],"version-history":[{"count":1,"href":"https:\/\/athenscitysuites.com\/fr\/wp-json\/wp\/v2\/pages\/2119\/revisions"}],"predecessor-version":[{"id":2128,"href":"https:\/\/athenscitysuites.com\/fr\/wp-json\/wp\/v2\/pages\/2119\/revisions\/2128"}],"wp:featuredmedia":[{"embeddable":true,"href":"https:\/\/athenscitysuites.com\/fr\/wp-json\/wp\/v2\/media\/1488"}],"wp:attachment":[{"href":"https:\/\/athenscitysuites.com\/fr\/wp-json\/wp\/v2\/media?parent=2119"}],"curies":[{"name":"wp","href":"https:\/\/api.w.org\/{rel}","templated":true}]}}